{"id":335,"date":"2015-03-24T14:59:03","date_gmt":"2015-03-24T14:59:03","guid":{"rendered":"http:\/\/www.versicherungs-service.net\/?page_id=335"},"modified":"2015-03-24T15:03:22","modified_gmt":"2015-03-24T15:03:22","slug":"allianz-salud","status":"publish","type":"page","link":"https:\/\/www.versicherungs-service.net\/es\/seguros-de-vida\/allianz-salud","title":{"rendered":"Allianz Salud"},"content":{"rendered":"<p><strong>Allianz Salud es una p\u00f3liza que se adapta a las distintas necesidades personales, econ\u00f3micas y familiares de nuestros clientes.<\/strong><br \/>\n<strong>Ventajas Competitivas.<\/strong><br \/>\n<strong>Razones para sentirte m\u00e1s seguro.<\/strong><br \/>\n1. Allianz Seguros significa prestigio y por eso te ofrecemos un producto adaptado a tus necesidades con la m\u00e1xima calidad.<br \/>\n2. Listas de espera, exceso de \u201cpapeleo\u201d para el acceso a pruebas y especialistas, falta de personalizaci\u00f3n&#8230; ya no ser\u00e1n problemas para ti.<br \/>\n3. Hospitalizaci\u00f3n ilimitada: el tiempo que necesites, sin que ello suponga un esfuerzo econ\u00f3mico adicional por tu parte. (Salvo psiqui\u00e1trica).<br \/>\n4. Incluimos el seguro Salud Dental sin incremento de coste. Gratis en todas nuestras p\u00f3lizas.<br \/>\n5. Incluimos siempre la posibilidad de cirug\u00eda sin sangre ni hemoderivados.<br \/>\n6. Ventajas Fiscales para aut\u00f3nomos y empresas.<br \/>\n7. Colaboramos con los mejores en su campo para ofrecerte la m\u00e1xima calidad: Cl\u00ednica Universitaria de Navarra (especialistas en enfermedades graves), Cl\u00ednica Baviera (especialistas en correcci\u00f3n de la miop\u00eda por l\u00e1ser), los mejores Bancos Familiares de c\u00e9lulas madre&#8230;<br \/>\n8. Orientaci\u00f3n plena al Asegurado: servicio de atenci\u00f3n telef\u00f3nica las 24 horas del d\u00eda para facilitarte cualquier gesti\u00f3n y responder a cualquier duda<\/p>\n<p>&nbsp;<\/p>\n<p><img loading=\"lazy\" decoding=\"async\" class=\"alignnone size-full wp-image-336\" src=\"https:\/\/www.versicherungs-service.net\/wp-content\/uploads\/Allianz-Salud-Esp-4.jpg\" alt=\"Allianz-Salud-Esp-4\" width=\"736\" height=\"486\" srcset=\"https:\/\/www.versicherungs-service.net\/wp-content\/uploads\/Allianz-Salud-Esp-4.jpg 736w, https:\/\/www.versicherungs-service.net\/wp-content\/uploads\/Allianz-Salud-Esp-4-300x198.jpg 300w\" sizes=\"(max-width: 736px) 100vw, 736px\" \/><\/p>\n<p><strong>Allianz Salud Reembolso<\/strong><br \/>\nEl asegurado puede acudir a cualquier m\u00e9dico o centro del mundo, de modo que Allianz reembolsar\u00e1 el 90% de su factura (con los topes m\u00e1ximos establecidos) o acudir a cualquier m\u00e9dico o centro concertado.<\/p>\n<p>Elige la mejor opci\u00f3n para t\u00ed.<br \/>\n<strong>B\u00c1SICO<\/strong><br \/>\nSi buscas&#8230;<br \/>\n\u2022 Un precio ajustado.<br \/>\n\u2022 Evitar largas colas de espera.<br \/>\n\u2022 Completar de forma eficiente el servicio de Sanidad P\u00fablica.<br \/>\n\u2022 Y consideras suficiente un reembolso m\u00e1ximo de 110.000\u20ac\/a\u00f1o.<\/p>\n<p><strong>MEDIO<\/strong><br \/>\nSi prefieres&#8230;<br \/>\n\u2022 Adem\u00e1s de todo lo anterior, mejorar tambi\u00e9n la Asistencia Primaria incluyendo: Medicina General, Pediatr\u00eda y ATS.<br \/>\n\u2022 Quieres incrementar el reembolso m\u00e1ximo a 120.000\u20ac\/a\u00f1o.<\/p>\n<p><strong>COMPLETO<\/strong><br \/>\nSi lo quieres todo&#8230;<br \/>\n\u2022 Un seguro de salud completo.<br \/>\n\u2022 de alta calidad.<br \/>\n\u2022 Con todo lo anterior y adem\u00e1s con hospitalizaci\u00f3n, todo tipo de urgencias&#8230;<br \/>\n\u2022 Y Quieres incrementar el reembolso m\u00e1ximo a 200.000\u20ac\/a\u00f1o.<\/p>\n<p>&nbsp;<\/p>\n<p><a href=\"https:\/\/www.versicherungs-service.net\/wp-content\/uploads\/Allianz-Salud-Esp.pdf\">Descargar Allianz Salud <\/a><\/p>\n","protected":false},"excerpt":{"rendered":"<p>Allianz Salud es una p\u00f3liza que se adapta a las [&hellip;]<\/p>\n","protected":false},"author":1,"featured_media":0,"parent":344,"menu_order":0,"comment_status":"open","ping_status":"closed","template":"","meta":{"footnotes":""},"class_list":["post-335","page","type-page","status-publish","hentry"],"yoast_head":"<!-- This site is optimized with the Yoast SEO plugin v23.5 - https:\/\/yoast.com\/wordpress\/plugins\/seo\/ -->\n<title>Allianz Salud - versicherungs-service.net<\/title>\n<meta name=\"robots\" content=\"index, follow, max-snippet:-1, max-image-preview:large, max-video-preview:-1\" \/>\n<link rel=\"canonical\" href=\"https:\/\/www.versicherungs-service.net\/lebensversicherungen\/salud\" \/>\n<meta property=\"og:locale\" content=\"es_ES\" \/>\n<meta property=\"og:type\" content=\"article\" \/>\n<meta property=\"og:title\" content=\"Allianz Salud - versicherungs-service.net\" \/>\n<meta property=\"og:description\" content=\"Allianz Salud es una p\u00f3liza que se adapta a las [&hellip;]\" \/>\n<meta property=\"og:url\" content=\"https:\/\/www.versicherungs-service.net\/lebensversicherungen\/salud\" \/>\n<meta property=\"og:site_name\" content=\"versicherungs-service.net\" \/>\n<meta property=\"article:modified_time\" content=\"2015-03-24T15:03:22+00:00\" \/>\n<meta property=\"og:image\" content=\"https:\/\/www.versicherungs-service.net\/wp-content\/uploads\/Allianz-Salud-Esp-4.jpg\" \/>\n<meta name=\"twitter:label1\" content=\"Tiempo de lectura\" \/>\n\t<meta name=\"twitter:data1\" content=\"2 minutos\" \/>\n<script type=\"application\/ld+json\" class=\"yoast-schema-graph\">{\"@context\":\"https:\/\/schema.org\",\"@graph\":[{\"@type\":\"WebPage\",\"@id\":\"https:\/\/www.versicherungs-service.net\/lebensversicherungen\/salud\",\"url\":\"https:\/\/www.versicherungs-service.net\/lebensversicherungen\/salud\",\"name\":\"Allianz Salud - versicherungs-service.net\",\"isPartOf\":{\"@id\":\"https:\/\/www.versicherungs-service.net\/#website\"},\"primaryImageOfPage\":{\"@id\":\"https:\/\/www.versicherungs-service.net\/lebensversicherungen\/salud#primaryimage\"},\"image\":{\"@id\":\"https:\/\/www.versicherungs-service.net\/lebensversicherungen\/salud#primaryimage\"},\"thumbnailUrl\":\"https:\/\/www.versicherungs-service.net\/wp-content\/uploads\/Allianz-Salud-Esp-4.jpg\",\"datePublished\":\"2015-03-24T14:59:03+00:00\",\"dateModified\":\"2015-03-24T15:03:22+00:00\",\"breadcrumb\":{\"@id\":\"https:\/\/www.versicherungs-service.net\/lebensversicherungen\/salud#breadcrumb\"},\"inLanguage\":\"es\",\"potentialAction\":[{\"@type\":\"ReadAction\",\"target\":[\"https:\/\/www.versicherungs-service.net\/lebensversicherungen\/salud\"]}]},{\"@type\":\"ImageObject\",\"inLanguage\":\"es\",\"@id\":\"https:\/\/www.versicherungs-service.net\/lebensversicherungen\/salud#primaryimage\",\"url\":\"https:\/\/www.versicherungs-service.net\/wp-content\/uploads\/Allianz-Salud-Esp-4.jpg\",\"contentUrl\":\"https:\/\/www.versicherungs-service.net\/wp-content\/uploads\/Allianz-Salud-Esp-4.jpg\"},{\"@type\":\"BreadcrumbList\",\"@id\":\"https:\/\/www.versicherungs-service.net\/lebensversicherungen\/salud#breadcrumb\",\"itemListElement\":[{\"@type\":\"ListItem\",\"position\":1,\"name\":\"Home\",\"item\":\"https:\/\/www.versicherungs-service.net\/\"},{\"@type\":\"ListItem\",\"position\":2,\"name\":\"seguros de vida\",\"item\":\"https:\/\/www.versicherungs-service.net\/lebensversicherungen\"},{\"@type\":\"ListItem\",\"position\":3,\"name\":\"Allianz Salud\"}]},{\"@type\":\"WebSite\",\"@id\":\"https:\/\/www.versicherungs-service.net\/#website\",\"url\":\"https:\/\/www.versicherungs-service.net\/\",\"name\":\"versicherungs-service.net\",\"description\":\"Eine weitere WordPress-Seite\",\"potentialAction\":[{\"@type\":\"SearchAction\",\"target\":{\"@type\":\"EntryPoint\",\"urlTemplate\":\"https:\/\/www.versicherungs-service.net\/?s={search_term_string}\"},\"query-input\":{\"@type\":\"PropertyValueSpecification\",\"valueRequired\":true,\"valueName\":\"search_term_string\"}}],\"inLanguage\":\"es\"}]}<\/script>\n<!-- \/ Yoast SEO plugin. -->","yoast_head_json":{"title":"Allianz Salud - versicherungs-service.net","robots":{"index":"index","follow":"follow","max-snippet":"max-snippet:-1","max-image-preview":"max-image-preview:large","max-video-preview":"max-video-preview:-1"},"canonical":"https:\/\/www.versicherungs-service.net\/lebensversicherungen\/salud","og_locale":"es_ES","og_type":"article","og_title":"Allianz Salud - versicherungs-service.net","og_description":"Allianz Salud es una p\u00f3liza que se adapta a las [&hellip;]","og_url":"https:\/\/www.versicherungs-service.net\/lebensversicherungen\/salud","og_site_name":"versicherungs-service.net","article_modified_time":"2015-03-24T15:03:22+00:00","og_image":[{"url":"https:\/\/www.versicherungs-service.net\/wp-content\/uploads\/Allianz-Salud-Esp-4.jpg"}],"twitter_misc":{"Tiempo de lectura":"2 minutos"},"schema":{"@context":"https:\/\/schema.org","@graph":[{"@type":"WebPage","@id":"https:\/\/www.versicherungs-service.net\/lebensversicherungen\/salud","url":"https:\/\/www.versicherungs-service.net\/lebensversicherungen\/salud","name":"Allianz Salud - versicherungs-service.net","isPartOf":{"@id":"https:\/\/www.versicherungs-service.net\/#website"},"primaryImageOfPage":{"@id":"https:\/\/www.versicherungs-service.net\/lebensversicherungen\/salud#primaryimage"},"image":{"@id":"https:\/\/www.versicherungs-service.net\/lebensversicherungen\/salud#primaryimage"},"thumbnailUrl":"https:\/\/www.versicherungs-service.net\/wp-content\/uploads\/Allianz-Salud-Esp-4.jpg","datePublished":"2015-03-24T14:59:03+00:00","dateModified":"2015-03-24T15:03:22+00:00","breadcrumb":{"@id":"https:\/\/www.versicherungs-service.net\/lebensversicherungen\/salud#breadcrumb"},"inLanguage":"es","potentialAction":[{"@type":"ReadAction","target":["https:\/\/www.versicherungs-service.net\/lebensversicherungen\/salud"]}]},{"@type":"ImageObject","inLanguage":"es","@id":"https:\/\/www.versicherungs-service.net\/lebensversicherungen\/salud#primaryimage","url":"https:\/\/www.versicherungs-service.net\/wp-content\/uploads\/Allianz-Salud-Esp-4.jpg","contentUrl":"https:\/\/www.versicherungs-service.net\/wp-content\/uploads\/Allianz-Salud-Esp-4.jpg"},{"@type":"BreadcrumbList","@id":"https:\/\/www.versicherungs-service.net\/lebensversicherungen\/salud#breadcrumb","itemListElement":[{"@type":"ListItem","position":1,"name":"Home","item":"https:\/\/www.versicherungs-service.net\/"},{"@type":"ListItem","position":2,"name":"seguros de vida","item":"https:\/\/www.versicherungs-service.net\/lebensversicherungen"},{"@type":"ListItem","position":3,"name":"Allianz Salud"}]},{"@type":"WebSite","@id":"https:\/\/www.versicherungs-service.net\/#website","url":"https:\/\/www.versicherungs-service.net\/","name":"versicherungs-service.net","description":"Eine weitere WordPress-Seite","potentialAction":[{"@type":"SearchAction","target":{"@type":"EntryPoint","urlTemplate":"https:\/\/www.versicherungs-service.net\/?s={search_term_string}"},"query-input":{"@type":"PropertyValueSpecification","valueRequired":true,"valueName":"search_term_string"}}],"inLanguage":"es"}]}},"_links":{"self":[{"href":"https:\/\/www.versicherungs-service.net\/es\/wp-json\/wp\/v2\/pages\/335"}],"collection":[{"href":"https:\/\/www.versicherungs-service.net\/es\/wp-json\/wp\/v2\/pages"}],"about":[{"href":"https:\/\/www.versicherungs-service.net\/es\/wp-json\/wp\/v2\/types\/page"}],"author":[{"embeddable":true,"href":"https:\/\/www.versicherungs-service.net\/es\/wp-json\/wp\/v2\/users\/1"}],"replies":[{"embeddable":true,"href":"https:\/\/www.versicherungs-service.net\/es\/wp-json\/wp\/v2\/comments?post=335"}],"version-history":[{"count":2,"href":"https:\/\/www.versicherungs-service.net\/es\/wp-json\/wp\/v2\/pages\/335\/revisions"}],"predecessor-version":[{"id":343,"href":"https:\/\/www.versicherungs-service.net\/es\/wp-json\/wp\/v2\/pages\/335\/revisions\/343"}],"up":[{"embeddable":true,"href":"https:\/\/www.versicherungs-service.net\/es\/wp-json\/wp\/v2\/pages\/344"}],"wp:attachment":[{"href":"https:\/\/www.versicherungs-service.net\/es\/wp-json\/wp\/v2\/media?parent=335"}],"curies":[{"name":"wp","href":"https:\/\/api.w.org\/{rel}","templated":true}]}}