{"id":329,"date":"2015-03-24T13:48:00","date_gmt":"2015-03-24T13:48:00","guid":{"rendered":"http:\/\/www.versicherungs-service.net\/?page_id=329"},"modified":"2015-03-24T15:03:17","modified_gmt":"2015-03-24T15:03:17","slug":"allianz-pensiones-ppa","status":"publish","type":"page","link":"https:\/\/www.versicherungs-service.net\/es\/seguros-de-vida\/allianz-pensiones-ppa","title":{"rendered":"Allianz Pensiones PPA"},"content":{"rendered":"<p><strong>Aproveche todo el potencial que tiene su ahorro<\/strong><br \/>\nDespu\u00e9s de tanto esfuerzo y tanto tiempo ahorrando, ha llegado el momento de disfrutar de la jubilaci\u00f3n y de su PPA. Por eso en Allianz ponemos a su alcance distintas posibilidades de prestaci\u00f3n, para que escoja aquella opci\u00f3n que le ayude a planificar la forma de disponer de sus ahorros de manera inteligente y de la forma que m\u00e1s se adapte a usted.<\/p>\n<p><strong>\u00bfQu\u00e9 ventajas tiene?<\/strong><br \/>\n\u2022 Difiera su tributaci\u00f3n y pague s\u00f3lo por el dinero del que vaya a disponer.<br \/>\n\u2022 Deje que ahora sean sus ahorros los que trabajen para usted, mientras siguen obteniendo beneficios.<br \/>\n\u2022 Consiga unos ingresos extras a su pensi\u00f3n de la seguridad social.<\/p>\n<p><strong>\u00bfC\u00f3mo?<\/strong><br \/>\nPlanificando la percepci\u00f3n de su ahorro de forma eficiente, inteligente y siempre acorde con sus necesidades.<br \/>\nAllianz le propone dos alternativas.<\/p>\n<p><strong>Elija su opci\u00f3n<\/strong><br \/>\n<strong>Prestaci\u00f3n de PPA<\/strong><\/p>\n<p><strong>Allianz Capital<\/strong><br \/>\nAllianz Capital<br \/>\nAllianz Capital Garant\u00eda de por Vida<br \/>\nAllianz Capital Vivir de los intereses<\/p>\n<p><strong>Allianz Renta<\/strong><br \/>\nRenta Vitalicia<br \/>\nRenta temporal<\/p>\n<p>&nbsp;<\/p>\n<p><strong>Allianz Renta<\/strong><br \/>\nDisfrute de todas las ventajas que le ofrece Allianz Renta:<br \/>\nRecibiendo su prestaci\u00f3n en forma de Allianz Renta disfrutar\u00e1 de unos ingresos extra fijos de forma temporal o durante toda su vida, sin preocuparse de nada excepto de vivir tranquilo.<br \/>\n\u2022 Usted decide c\u00f3mo quiere disfrutar de sus ahorros: constantes, crecientes, mensuales, anuales, diferidos&#8230; con Allianz usted elige su futuro.<br \/>\n\u2022 Garant\u00edas adicionales: Con la garant\u00eda de reversi\u00f3n otra persona puede seguir disfrutando de su renta si usted falta y con la garant\u00eda de fallecimiento puede asegurar el ahorro que usted acumul\u00f3 para las personas que usted designe.<br \/>\n\u2022 Ventajas fiscales: Tribute s\u00f3lo por sus beneficios cuando disponga de ellos.<\/p>\n<p>&nbsp;<\/p>\n<p><strong>Allianz Capital y Allianz Capital Vivir de los intereses<\/strong><br \/>\nDisfrute de todas las ventajas que le ofrece Allianz Capital:<br \/>\nAllianz Capital le ofrece recibir su prestaci\u00f3n en forma de disposiciones peri\u00f3dicas, mientras su dinero sigue creciendo.<\/p>\n<p><strong>\u2022 Flexibilidad Total:<\/strong> Con Allianz Capital planificar ahora su futuro no significa verse limitado por sus decisiones. Si lo que ha pactado no se ajusta a sus necesidades, podr\u00e1 modificar la frecuencia de sus Disposiciones o el porcentaje de su saldo que desea disponer.<br \/>\n<strong>\u2022 Liquidez Total:<\/strong> Posibilidad de solicitar a partir del primer mes Disposiciones extraordinarias o la Disposici\u00f3n total del saldo disponible.<br \/>\n\u2022 Rentabilidad garantizada: Tipo de inter\u00e9s garantizado anualmente, adapt\u00e1ndose al mercado a\u00f1o a a\u00f1o para que su dinero se vea beneficiado ante las subidas de tipos.<br \/>\n<strong>\u2022 Garant\u00edas adicionales:<\/strong> Asegure su futuro y tambi\u00e9n el de aquellos a los que m\u00e1s quiere con las garant\u00edas de fallecimiento y dependencia.<br \/>\n<strong>\u2022 Ventajas fiscales:<\/strong> Tribute s\u00f3lo por sus beneficios cuando disponga de ellos.<br \/>\nTambi\u00e9n puede escoger por la modalidad Allianz Capital Vivir de los intereses, que re\u00fane todas las ventajas del producto Allianz Capital, y le permite garantizarse la percepci\u00f3n peri\u00f3dica de los rendimientos generados manteniendo su inversi\u00f3n intacta.<br \/>\n<strong>Allianz Capital Garant\u00eda de por Vida<\/strong><br \/>\nAdem\u00e1s, puede optar por la modalidad Allianz Capital Garant\u00eda de por Vida y garantizarse unos ingresos extra durante toda su vida, porqu\u00e9 seguir\u00e1 cobrando aunque su saldo se agote.<br \/>\nSin renunciar a la flexibilidad, liquidez, rentabilidad garantizada&#8230;<br \/>\n\u00a1En Allianz usted elige qu\u00e9 quiere hacer con su dinero en todo momento!<br \/>\nPercibir su prestaci\u00f3n en forma de Allianz Capital le proporciona m\u00e1s ventajas para su dinero, de forma segura y con proyecci\u00f3n de futuro.<\/p>\n<p>&nbsp;<\/p>\n<p><a href=\"https:\/\/www.versicherungs-service.net\/wp-content\/uploads\/Allainz-PPA-Esp.pdf\">Descargar Allianz PPA <\/a><\/p>\n","protected":false},"excerpt":{"rendered":"<p>Aproveche todo el potencial que tiene su ahorro Despu\u00e9s de [&hellip;]<\/p>\n","protected":false},"author":1,"featured_media":0,"parent":344,"menu_order":0,"comment_status":"open","ping_status":"closed","template":"","meta":{"footnotes":""},"class_list":["post-329","page","type-page","status-publish","hentry"],"yoast_head":"<!-- This site is optimized with the Yoast SEO plugin v23.5 - https:\/\/yoast.com\/wordpress\/plugins\/seo\/ -->\n<title>Allianz Pensiones PPA - versicherungs-service.net<\/title>\n<meta name=\"robots\" content=\"index, follow, max-snippet:-1, max-image-preview:large, max-video-preview:-1\" \/>\n<link rel=\"canonical\" href=\"https:\/\/www.versicherungs-service.net\/lebensversicherungen\/ppa\" \/>\n<meta property=\"og:locale\" content=\"es_ES\" \/>\n<meta property=\"og:type\" content=\"article\" \/>\n<meta property=\"og:title\" content=\"Allianz Pensiones PPA - versicherungs-service.net\" \/>\n<meta property=\"og:description\" content=\"Aproveche todo el potencial que tiene su ahorro Despu\u00e9s de [&hellip;]\" \/>\n<meta property=\"og:url\" content=\"https:\/\/www.versicherungs-service.net\/lebensversicherungen\/ppa\" \/>\n<meta property=\"og:site_name\" content=\"versicherungs-service.net\" \/>\n<meta property=\"article:modified_time\" content=\"2015-03-24T15:03:17+00:00\" \/>\n<meta name=\"twitter:label1\" content=\"Tiempo de lectura\" \/>\n\t<meta name=\"twitter:data1\" content=\"3 minutos\" \/>\n<script type=\"application\/ld+json\" class=\"yoast-schema-graph\">{\"@context\":\"https:\/\/schema.org\",\"@graph\":[{\"@type\":\"WebPage\",\"@id\":\"https:\/\/www.versicherungs-service.net\/lebensversicherungen\/ppa\",\"url\":\"https:\/\/www.versicherungs-service.net\/lebensversicherungen\/ppa\",\"name\":\"Allianz Pensiones PPA - versicherungs-service.net\",\"isPartOf\":{\"@id\":\"https:\/\/www.versicherungs-service.net\/#website\"},\"datePublished\":\"2015-03-24T13:48:00+00:00\",\"dateModified\":\"2015-03-24T15:03:17+00:00\",\"breadcrumb\":{\"@id\":\"https:\/\/www.versicherungs-service.net\/lebensversicherungen\/ppa#breadcrumb\"},\"inLanguage\":\"es\",\"potentialAction\":[{\"@type\":\"ReadAction\",\"target\":[\"https:\/\/www.versicherungs-service.net\/lebensversicherungen\/ppa\"]}]},{\"@type\":\"BreadcrumbList\",\"@id\":\"https:\/\/www.versicherungs-service.net\/lebensversicherungen\/ppa#breadcrumb\",\"itemListElement\":[{\"@type\":\"ListItem\",\"position\":1,\"name\":\"Home\",\"item\":\"https:\/\/www.versicherungs-service.net\/\"},{\"@type\":\"ListItem\",\"position\":2,\"name\":\"seguros de vida\",\"item\":\"https:\/\/www.versicherungs-service.net\/lebensversicherungen\"},{\"@type\":\"ListItem\",\"position\":3,\"name\":\"Allianz Pensiones PPA\"}]},{\"@type\":\"WebSite\",\"@id\":\"https:\/\/www.versicherungs-service.net\/#website\",\"url\":\"https:\/\/www.versicherungs-service.net\/\",\"name\":\"versicherungs-service.net\",\"description\":\"Eine weitere WordPress-Seite\",\"potentialAction\":[{\"@type\":\"SearchAction\",\"target\":{\"@type\":\"EntryPoint\",\"urlTemplate\":\"https:\/\/www.versicherungs-service.net\/?s={search_term_string}\"},\"query-input\":{\"@type\":\"PropertyValueSpecification\",\"valueRequired\":true,\"valueName\":\"search_term_string\"}}],\"inLanguage\":\"es\"}]}<\/script>\n<!-- \/ Yoast SEO plugin. -->","yoast_head_json":{"title":"Allianz Pensiones PPA - versicherungs-service.net","robots":{"index":"index","follow":"follow","max-snippet":"max-snippet:-1","max-image-preview":"max-image-preview:large","max-video-preview":"max-video-preview:-1"},"canonical":"https:\/\/www.versicherungs-service.net\/lebensversicherungen\/ppa","og_locale":"es_ES","og_type":"article","og_title":"Allianz Pensiones PPA - versicherungs-service.net","og_description":"Aproveche todo el potencial que tiene su ahorro Despu\u00e9s de [&hellip;]","og_url":"https:\/\/www.versicherungs-service.net\/lebensversicherungen\/ppa","og_site_name":"versicherungs-service.net","article_modified_time":"2015-03-24T15:03:17+00:00","twitter_misc":{"Tiempo de lectura":"3 minutos"},"schema":{"@context":"https:\/\/schema.org","@graph":[{"@type":"WebPage","@id":"https:\/\/www.versicherungs-service.net\/lebensversicherungen\/ppa","url":"https:\/\/www.versicherungs-service.net\/lebensversicherungen\/ppa","name":"Allianz Pensiones PPA - versicherungs-service.net","isPartOf":{"@id":"https:\/\/www.versicherungs-service.net\/#website"},"datePublished":"2015-03-24T13:48:00+00:00","dateModified":"2015-03-24T15:03:17+00:00","breadcrumb":{"@id":"https:\/\/www.versicherungs-service.net\/lebensversicherungen\/ppa#breadcrumb"},"inLanguage":"es","potentialAction":[{"@type":"ReadAction","target":["https:\/\/www.versicherungs-service.net\/lebensversicherungen\/ppa"]}]},{"@type":"BreadcrumbList","@id":"https:\/\/www.versicherungs-service.net\/lebensversicherungen\/ppa#breadcrumb","itemListElement":[{"@type":"ListItem","position":1,"name":"Home","item":"https:\/\/www.versicherungs-service.net\/"},{"@type":"ListItem","position":2,"name":"seguros de vida","item":"https:\/\/www.versicherungs-service.net\/lebensversicherungen"},{"@type":"ListItem","position":3,"name":"Allianz Pensiones PPA"}]},{"@type":"WebSite","@id":"https:\/\/www.versicherungs-service.net\/#website","url":"https:\/\/www.versicherungs-service.net\/","name":"versicherungs-service.net","description":"Eine weitere WordPress-Seite","potentialAction":[{"@type":"SearchAction","target":{"@type":"EntryPoint","urlTemplate":"https:\/\/www.versicherungs-service.net\/?s={search_term_string}"},"query-input":{"@type":"PropertyValueSpecification","valueRequired":true,"valueName":"search_term_string"}}],"inLanguage":"es"}]}},"_links":{"self":[{"href":"https:\/\/www.versicherungs-service.net\/es\/wp-json\/wp\/v2\/pages\/329"}],"collection":[{"href":"https:\/\/www.versicherungs-service.net\/es\/wp-json\/wp\/v2\/pages"}],"about":[{"href":"https:\/\/www.versicherungs-service.net\/es\/wp-json\/wp\/v2\/types\/page"}],"author":[{"embeddable":true,"href":"https:\/\/www.versicherungs-service.net\/es\/wp-json\/wp\/v2\/users\/1"}],"replies":[{"embeddable":true,"href":"https:\/\/www.versicherungs-service.net\/es\/wp-json\/wp\/v2\/comments?post=329"}],"version-history":[{"count":1,"href":"https:\/\/www.versicherungs-service.net\/es\/wp-json\/wp\/v2\/pages\/329\/revisions"}],"predecessor-version":[{"id":333,"href":"https:\/\/www.versicherungs-service.net\/es\/wp-json\/wp\/v2\/pages\/329\/revisions\/333"}],"up":[{"embeddable":true,"href":"https:\/\/www.versicherungs-service.net\/es\/wp-json\/wp\/v2\/pages\/344"}],"wp:attachment":[{"href":"https:\/\/www.versicherungs-service.net\/es\/wp-json\/wp\/v2\/media?parent=329"}],"curies":[{"name":"wp","href":"https:\/\/api.w.org\/{rel}","templated":true}]}}