{"id":322,"date":"2015-03-24T13:38:24","date_gmt":"2015-03-24T13:38:24","guid":{"rendered":"http:\/\/www.versicherungs-service.net\/?page_id=322"},"modified":"2015-04-06T19:19:35","modified_gmt":"2015-04-06T19:19:35","slug":"allianz-communidad","status":"publish","type":"page","link":"https:\/\/www.versicherungs-service.net\/es\/allianz-communidad","title":{"rendered":"Allianz Communidad"},"content":{"rendered":"<p><strong>Allianz Comunidad es un seguro multirriesgo especialmente dise\u00f1ado para dar protecci\u00f3n a la mayor\u00eda de riesgos relativos a la edificaci\u00f3n.<\/strong><br \/>\nEl conjunto de garant\u00edas y prestaciones de servicios que ofrece Allianz Comunidad responde a la mayor parte de las necesidades de cobertura que puedan presentarse en los edificios de pisos en alto, unifamiliares, ya sean adosadas como independientes (chalets) o edificaciones con actividad comercial.<\/p>\n<p><strong>Coberturas B\u00e1sicas<\/strong><br \/>\nA) Edificaci\u00f3n.<br \/>\nIncendio, Robo, Responsabilidad civil -excepto por la acci\u00f3n del agua- Vandalismo y otras.<br \/>\nB) Asistencia (incluida en todas las p\u00f3lizas).<br \/>\nC) Asesoramiento y Prestaci\u00f3n Jur\u00eddica.<\/p>\n<p><strong>Coberturas Optativas<\/strong><br \/>\nD y E) Acci\u00f3n del agua y la Responsabilidad Civil derivada de ella (comunes \u00f3 comunes y privativos).<br \/>\nF) Rotura de cristales (comunes \u00f3 comunes y privativos).<br \/>\nG) Rotura de maquinaria y Aver\u00eda de aparatos electr\u00f3nicos.<br \/>\nH) Reclamaci\u00f3n impago cuotas comunitarias.<br \/>\nI) Gastos desatasco tuber\u00edas comunitarias.<\/p>\n<p>&nbsp;<\/p>\n<p><strong>Bienes asegurables:<\/strong><br \/>\nLas garant\u00edas de Allianz Comunidad se desarrollan sobre la base de un conjunto integral de los bienes que componen la edificaci\u00f3n a asegurar, estructur\u00e1ndose en las siguientes partidas:<\/p>\n<p>a) Los fundamentos, estructura, paredes, techos, suelos, cubiertas, puertas, ventanas y dem\u00e1s elementos de construcci\u00f3n, incluidos cristales, de:<br \/>\n\u2022 El edificio.<br \/>\n\u2022 Las dependencias, como garajes, plazas de aparcamiento, trasteros, y similares que se hallen situados en la misma finca.<br \/>\nb) Los muros y otros cerramientos independientes.<br \/>\nc) Las conducciones, instalaciones, maquinaria y aparatos fijos de servicio integrados en la construcci\u00f3n: agua, gas, electricidad, calefacci\u00f3n, refrigeraci\u00f3n, energ\u00eda solar, saneamiento, tel\u00e9fono, alarmas, radio, televisi\u00f3n y otras comunicaciones.<br \/>\nd) Ascensores y montacargas.<br \/>\ne) Piscinas y otras instalaciones recreativas y\/o deportivas. (Siempre que se declaren en la p\u00f3liza).<br \/>\nf) Los elementos de decoraci\u00f3n incorporados de forma fija a los edificios, como; pintura, parquet, moqueta, papel pintado o armarios empotrados.<br \/>\ng) El mobiliario de propiedad com\u00fan, as\u00ed como las herramientas, \u00fatiles y enseres para el servicio de la comunidad.<\/p>\n<p>&nbsp;<\/p>\n<p><a href=\"https:\/\/www.versicherungs-service.net\/wp-content\/uploads\/Allianz-Comunidad-Espl..pdf\">Descargar Allianz Comunidad <\/a><\/p>\n","protected":false},"excerpt":{"rendered":"<p>Allianz Comunidad es un seguro multirriesgo especialmente dise\u00f1ado para dar [&hellip;]<\/p>\n","protected":false},"author":1,"featured_media":84,"parent":0,"menu_order":0,"comment_status":"open","ping_status":"open","template":"","meta":{"footnotes":""},"class_list":["post-322","page","type-page","status-publish","has-post-thumbnail","hentry"],"yoast_head":"<!-- This site is optimized with the Yoast SEO plugin v23.5 - https:\/\/yoast.com\/wordpress\/plugins\/seo\/ -->\n<title>Allianz Communidad - versicherungs-service.net<\/title>\n<meta name=\"robots\" content=\"index, follow, max-snippet:-1, max-image-preview:large, max-video-preview:-1\" \/>\n<link rel=\"canonical\" href=\"https:\/\/www.versicherungs-service.net\/comunidad\" \/>\n<meta property=\"og:locale\" content=\"es_ES\" \/>\n<meta property=\"og:type\" content=\"article\" \/>\n<meta property=\"og:title\" content=\"Allianz Communidad - versicherungs-service.net\" \/>\n<meta property=\"og:description\" content=\"Allianz Comunidad es un seguro multirriesgo especialmente dise\u00f1ado para dar [&hellip;]\" \/>\n<meta property=\"og:url\" content=\"https:\/\/www.versicherungs-service.net\/comunidad\" \/>\n<meta property=\"og:site_name\" content=\"versicherungs-service.net\" \/>\n<meta property=\"article:modified_time\" content=\"2015-04-06T19:19:35+00:00\" \/>\n<meta property=\"og:image\" content=\"https:\/\/www.versicherungs-service.net\/wp-content\/uploads\/2015\/03\/Comunidad2014.jpg\" \/>\n\t<meta property=\"og:image:width\" content=\"490\" \/>\n\t<meta property=\"og:image:height\" content=\"216\" \/>\n\t<meta property=\"og:image:type\" content=\"image\/jpeg\" \/>\n<meta name=\"twitter:label1\" content=\"Tiempo de lectura\" \/>\n\t<meta name=\"twitter:data1\" content=\"2 minutos\" \/>\n<script type=\"application\/ld+json\" class=\"yoast-schema-graph\">{\"@context\":\"https:\/\/schema.org\",\"@graph\":[{\"@type\":\"WebPage\",\"@id\":\"https:\/\/www.versicherungs-service.net\/comunidad\",\"url\":\"https:\/\/www.versicherungs-service.net\/comunidad\",\"name\":\"Allianz Communidad - versicherungs-service.net\",\"isPartOf\":{\"@id\":\"https:\/\/www.versicherungs-service.net\/#website\"},\"primaryImageOfPage\":{\"@id\":\"https:\/\/www.versicherungs-service.net\/comunidad#primaryimage\"},\"image\":{\"@id\":\"https:\/\/www.versicherungs-service.net\/comunidad#primaryimage\"},\"thumbnailUrl\":\"https:\/\/www.versicherungs-service.net\/wp-content\/uploads\/2015\/03\/Comunidad2014.jpg\",\"datePublished\":\"2015-03-24T13:38:24+00:00\",\"dateModified\":\"2015-04-06T19:19:35+00:00\",\"breadcrumb\":{\"@id\":\"https:\/\/www.versicherungs-service.net\/comunidad#breadcrumb\"},\"inLanguage\":\"es\",\"potentialAction\":[{\"@type\":\"ReadAction\",\"target\":[\"https:\/\/www.versicherungs-service.net\/comunidad\"]}]},{\"@type\":\"ImageObject\",\"inLanguage\":\"es\",\"@id\":\"https:\/\/www.versicherungs-service.net\/comunidad#primaryimage\",\"url\":\"https:\/\/www.versicherungs-service.net\/wp-content\/uploads\/2015\/03\/Comunidad2014.jpg\",\"contentUrl\":\"https:\/\/www.versicherungs-service.net\/wp-content\/uploads\/2015\/03\/Comunidad2014.jpg\",\"width\":490,\"height\":216},{\"@type\":\"BreadcrumbList\",\"@id\":\"https:\/\/www.versicherungs-service.net\/comunidad#breadcrumb\",\"itemListElement\":[{\"@type\":\"ListItem\",\"position\":1,\"name\":\"Home\",\"item\":\"https:\/\/www.versicherungs-service.net\/\"},{\"@type\":\"ListItem\",\"position\":2,\"name\":\"Allianz Communidad\"}]},{\"@type\":\"WebSite\",\"@id\":\"https:\/\/www.versicherungs-service.net\/#website\",\"url\":\"https:\/\/www.versicherungs-service.net\/\",\"name\":\"versicherungs-service.net\",\"description\":\"Eine weitere WordPress-Seite\",\"potentialAction\":[{\"@type\":\"SearchAction\",\"target\":{\"@type\":\"EntryPoint\",\"urlTemplate\":\"https:\/\/www.versicherungs-service.net\/?s={search_term_string}\"},\"query-input\":{\"@type\":\"PropertyValueSpecification\",\"valueRequired\":true,\"valueName\":\"search_term_string\"}}],\"inLanguage\":\"es\"}]}<\/script>\n<!-- \/ Yoast SEO plugin. -->","yoast_head_json":{"title":"Allianz Communidad - versicherungs-service.net","robots":{"index":"index","follow":"follow","max-snippet":"max-snippet:-1","max-image-preview":"max-image-preview:large","max-video-preview":"max-video-preview:-1"},"canonical":"https:\/\/www.versicherungs-service.net\/comunidad","og_locale":"es_ES","og_type":"article","og_title":"Allianz Communidad - versicherungs-service.net","og_description":"Allianz Comunidad es un seguro multirriesgo especialmente dise\u00f1ado para dar [&hellip;]","og_url":"https:\/\/www.versicherungs-service.net\/comunidad","og_site_name":"versicherungs-service.net","article_modified_time":"2015-04-06T19:19:35+00:00","og_image":[{"width":490,"height":216,"url":"https:\/\/www.versicherungs-service.net\/wp-content\/uploads\/2015\/03\/Comunidad2014.jpg","type":"image\/jpeg"}],"twitter_misc":{"Tiempo de lectura":"2 minutos"},"schema":{"@context":"https:\/\/schema.org","@graph":[{"@type":"WebPage","@id":"https:\/\/www.versicherungs-service.net\/comunidad","url":"https:\/\/www.versicherungs-service.net\/comunidad","name":"Allianz Communidad - versicherungs-service.net","isPartOf":{"@id":"https:\/\/www.versicherungs-service.net\/#website"},"primaryImageOfPage":{"@id":"https:\/\/www.versicherungs-service.net\/comunidad#primaryimage"},"image":{"@id":"https:\/\/www.versicherungs-service.net\/comunidad#primaryimage"},"thumbnailUrl":"https:\/\/www.versicherungs-service.net\/wp-content\/uploads\/2015\/03\/Comunidad2014.jpg","datePublished":"2015-03-24T13:38:24+00:00","dateModified":"2015-04-06T19:19:35+00:00","breadcrumb":{"@id":"https:\/\/www.versicherungs-service.net\/comunidad#breadcrumb"},"inLanguage":"es","potentialAction":[{"@type":"ReadAction","target":["https:\/\/www.versicherungs-service.net\/comunidad"]}]},{"@type":"ImageObject","inLanguage":"es","@id":"https:\/\/www.versicherungs-service.net\/comunidad#primaryimage","url":"https:\/\/www.versicherungs-service.net\/wp-content\/uploads\/2015\/03\/Comunidad2014.jpg","contentUrl":"https:\/\/www.versicherungs-service.net\/wp-content\/uploads\/2015\/03\/Comunidad2014.jpg","width":490,"height":216},{"@type":"BreadcrumbList","@id":"https:\/\/www.versicherungs-service.net\/comunidad#breadcrumb","itemListElement":[{"@type":"ListItem","position":1,"name":"Home","item":"https:\/\/www.versicherungs-service.net\/"},{"@type":"ListItem","position":2,"name":"Allianz Communidad"}]},{"@type":"WebSite","@id":"https:\/\/www.versicherungs-service.net\/#website","url":"https:\/\/www.versicherungs-service.net\/","name":"versicherungs-service.net","description":"Eine weitere WordPress-Seite","potentialAction":[{"@type":"SearchAction","target":{"@type":"EntryPoint","urlTemplate":"https:\/\/www.versicherungs-service.net\/?s={search_term_string}"},"query-input":{"@type":"PropertyValueSpecification","valueRequired":true,"valueName":"search_term_string"}}],"inLanguage":"es"}]}},"_links":{"self":[{"href":"https:\/\/www.versicherungs-service.net\/es\/wp-json\/wp\/v2\/pages\/322"}],"collection":[{"href":"https:\/\/www.versicherungs-service.net\/es\/wp-json\/wp\/v2\/pages"}],"about":[{"href":"https:\/\/www.versicherungs-service.net\/es\/wp-json\/wp\/v2\/types\/page"}],"author":[{"embeddable":true,"href":"https:\/\/www.versicherungs-service.net\/es\/wp-json\/wp\/v2\/users\/1"}],"replies":[{"embeddable":true,"href":"https:\/\/www.versicherungs-service.net\/es\/wp-json\/wp\/v2\/comments?post=322"}],"version-history":[{"count":3,"href":"https:\/\/www.versicherungs-service.net\/es\/wp-json\/wp\/v2\/pages\/322\/revisions"}],"predecessor-version":[{"id":328,"href":"https:\/\/www.versicherungs-service.net\/es\/wp-json\/wp\/v2\/pages\/322\/revisions\/328"}],"wp:featuredmedia":[{"embeddable":true,"href":"https:\/\/www.versicherungs-service.net\/es\/wp-json\/wp\/v2\/media\/84"}],"wp:attachment":[{"href":"https:\/\/www.versicherungs-service.net\/es\/wp-json\/wp\/v2\/media?parent=322"}],"curies":[{"name":"wp","href":"https:\/\/api.w.org\/{rel}","templated":true}]}}