{"id":310,"date":"2015-03-24T13:28:22","date_gmt":"2015-03-24T13:28:22","guid":{"rendered":"http:\/\/www.versicherungs-service.net\/?page_id=310"},"modified":"2015-03-24T15:03:02","modified_gmt":"2015-03-24T15:03:02","slug":"allianz-vive-tranquilo","status":"publish","type":"page","link":"https:\/\/www.versicherungs-service.net\/es\/seguros-de-vida\/allianz-vive-tranquilo","title":{"rendered":"Allianz -vive tranquilo &#8211;"},"content":{"rendered":"<p><strong>Allianz Vive Tranquilo es un seguro sencillo, econ\u00f3mico e innovador. Que te ayuda sobre todo en caso de Enfermedad Grave.<\/strong><br \/>\n<strong>Con frecuencia las enfermedades graves entran a formar parte de nuestra vida de una manera brusca e inesperada. Lamentablemente, nos damos cuenta de sus consecuencias demasiado tarde.<\/strong><\/p>\n<p><strong>\u00bfC\u00f3mo afrontar\u00edas una situaci\u00f3n de este tipo? \u00bfPodr\u00edas asumir los gastos que supone?<\/strong><br \/>\nEn Allianz Seguros pensamos que tener asegurada una vida tranquila no debe suponer un gasto elevado o dif\u00edcil de asumir.<br \/>\nAllianz Vive Tranquilo, para que disfrutes de tu vida con total seguridad, porque ni en las peores situaciones el dinero debe condicionar tu manera de vivir.<\/p>\n<p><strong>Allianz Vive Tranquilo te ayuda siempre. \u00a1Compru\u00e9balo!<\/strong><br \/>\nPara empezar, deber\u00edas hacerte algunas preguntas.<\/p>\n<p><strong>\u00bfAlguien de tu entorno<\/strong> <strong>ha sufrido alguna de estas <\/strong><strong>enfermedades?<\/strong><br \/>\n\u2022 C\u00e1ncer<br \/>\n\u2022 Infarto<br \/>\n\u2022 Trasplante<br \/>\n\u2022 Accidente Cerebro vascular<\/p>\n<p><strong>\u00bfConoces los gastos que acarrea una enfermedad de este tipo?<\/strong><br \/>\n\u2022 En caso de hospitalizaci\u00f3n alejada de tu domicilio tendr\u00e1s gastos a\u00f1adidos de traslados, viajes, alojamientos largos, etc.<br \/>\n\u2022 Contrataci\u00f3n de asistentes de enfermer\u00eda.<br \/>\n\u2022 Necesidad de m\u00e1s opiniones m\u00e9dicas.<br \/>\n\u2022 Disminuci\u00f3n de ingresos en el per\u00edodo de inactividad.<br \/>\n\u2022 &#8230;<\/p>\n<p>&nbsp;<\/p>\n<p><strong>Allianz Vive Tranquilo te ofrece todo esto y mucho m\u00e1s: Vivir con seguridad e independencia al disponer de un capital para caso de Enfermedad Grave y el mismo capital adicional para caso de Fallecimiento.<\/strong><\/p>\n<p><strong>Un Capital Asegurado por Enfermedad Grave.<\/strong><br \/>\n\u2022 Para recurrir a m\u00e9dicos o tratamientos que, aunque costosos, pueden ayudarte a recuperar la salud.<br \/>\n\u2022 Para no representar una carga econ\u00f3mica para tu familia.<br \/>\n\u2022 Que te permita estar durante un tiempo sin trabajar y no depender exclusivamente de las prestaciones p\u00fablicas.<\/p>\n<p><strong>El mismo Capital Adicional en caso de Fallecimiento.<\/strong><br \/>\n\u2022 Para quien t\u00fa decidas.<\/p>\n<p><strong>Un Servicio de Segunda Opini\u00f3n M\u00e9dica.<\/strong><br \/>\n\u2022 Que te dar\u00e1 acceso a las opiniones de prestigiosos m\u00e9dicos especialistas en todo tipo de patolog\u00edas, con un asesoramiento personalizado de expertos nacionales e internacionales.<\/p>\n<p><strong>Un Servicio de Orientaci\u00f3n M\u00e9dica.<\/strong><br \/>\n\u2022 Informaci\u00f3n m\u00e9dica relativa a enfermedades, tratamiento, prevenci\u00f3n, compresi\u00f3n de informes de laboratorio, terminolog\u00eda m\u00e9dica\u2026.<\/p>\n<p>&nbsp;<\/p>\n<p><a href=\"https:\/\/www.versicherungs-service.net\/wp-content\/uploads\/Allianz-Vive-tranq.-Esp.pdf\">Descargar Allianz Vive tranquila<\/a><\/p>\n","protected":false},"excerpt":{"rendered":"<p>Allianz Vive Tranquilo es un seguro sencillo, econ\u00f3mico e innovador. [&hellip;]<\/p>\n","protected":false},"author":1,"featured_media":0,"parent":344,"menu_order":0,"comment_status":"open","ping_status":"closed","template":"","meta":{"footnotes":""},"class_list":["post-310","page","type-page","status-publish","hentry"],"yoast_head":"<!-- This site is optimized with the Yoast SEO plugin v23.5 - https:\/\/yoast.com\/wordpress\/plugins\/seo\/ -->\n<title>Allianz -vive tranquilo - versicherungs-service.net<\/title>\n<meta name=\"robots\" content=\"index, follow, max-snippet:-1, max-image-preview:large, max-video-preview:-1\" \/>\n<link rel=\"canonical\" href=\"https:\/\/www.versicherungs-service.net\/lebensversicherungen\/allianz-vive-tranquilo\" \/>\n<meta property=\"og:locale\" content=\"es_ES\" \/>\n<meta property=\"og:type\" content=\"article\" \/>\n<meta property=\"og:title\" content=\"Allianz -vive tranquilo - versicherungs-service.net\" \/>\n<meta property=\"og:description\" content=\"Allianz Vive Tranquilo es un seguro sencillo, econ\u00f3mico e innovador. [&hellip;]\" \/>\n<meta property=\"og:url\" content=\"https:\/\/www.versicherungs-service.net\/lebensversicherungen\/allianz-vive-tranquilo\" \/>\n<meta property=\"og:site_name\" content=\"versicherungs-service.net\" \/>\n<meta property=\"article:modified_time\" content=\"2015-03-24T15:03:02+00:00\" \/>\n<meta name=\"twitter:label1\" content=\"Tiempo de lectura\" \/>\n\t<meta name=\"twitter:data1\" content=\"2 minutos\" \/>\n<script type=\"application\/ld+json\" class=\"yoast-schema-graph\">{\"@context\":\"https:\/\/schema.org\",\"@graph\":[{\"@type\":\"WebPage\",\"@id\":\"https:\/\/www.versicherungs-service.net\/lebensversicherungen\/allianz-vive-tranquilo\",\"url\":\"https:\/\/www.versicherungs-service.net\/lebensversicherungen\/allianz-vive-tranquilo\",\"name\":\"Allianz -vive tranquilo - versicherungs-service.net\",\"isPartOf\":{\"@id\":\"https:\/\/www.versicherungs-service.net\/#website\"},\"datePublished\":\"2015-03-24T13:28:22+00:00\",\"dateModified\":\"2015-03-24T15:03:02+00:00\",\"breadcrumb\":{\"@id\":\"https:\/\/www.versicherungs-service.net\/lebensversicherungen\/allianz-vive-tranquilo#breadcrumb\"},\"inLanguage\":\"es\",\"potentialAction\":[{\"@type\":\"ReadAction\",\"target\":[\"https:\/\/www.versicherungs-service.net\/lebensversicherungen\/allianz-vive-tranquilo\"]}]},{\"@type\":\"BreadcrumbList\",\"@id\":\"https:\/\/www.versicherungs-service.net\/lebensversicherungen\/allianz-vive-tranquilo#breadcrumb\",\"itemListElement\":[{\"@type\":\"ListItem\",\"position\":1,\"name\":\"Home\",\"item\":\"https:\/\/www.versicherungs-service.net\/\"},{\"@type\":\"ListItem\",\"position\":2,\"name\":\"seguros de vida\",\"item\":\"https:\/\/www.versicherungs-service.net\/lebensversicherungen\"},{\"@type\":\"ListItem\",\"position\":3,\"name\":\"Allianz -vive tranquilo &#8211;\"}]},{\"@type\":\"WebSite\",\"@id\":\"https:\/\/www.versicherungs-service.net\/#website\",\"url\":\"https:\/\/www.versicherungs-service.net\/\",\"name\":\"versicherungs-service.net\",\"description\":\"Eine weitere WordPress-Seite\",\"potentialAction\":[{\"@type\":\"SearchAction\",\"target\":{\"@type\":\"EntryPoint\",\"urlTemplate\":\"https:\/\/www.versicherungs-service.net\/?s={search_term_string}\"},\"query-input\":{\"@type\":\"PropertyValueSpecification\",\"valueRequired\":true,\"valueName\":\"search_term_string\"}}],\"inLanguage\":\"es\"}]}<\/script>\n<!-- \/ Yoast SEO plugin. -->","yoast_head_json":{"title":"Allianz -vive tranquilo - versicherungs-service.net","robots":{"index":"index","follow":"follow","max-snippet":"max-snippet:-1","max-image-preview":"max-image-preview:large","max-video-preview":"max-video-preview:-1"},"canonical":"https:\/\/www.versicherungs-service.net\/lebensversicherungen\/allianz-vive-tranquilo","og_locale":"es_ES","og_type":"article","og_title":"Allianz -vive tranquilo - versicherungs-service.net","og_description":"Allianz Vive Tranquilo es un seguro sencillo, econ\u00f3mico e innovador. [&hellip;]","og_url":"https:\/\/www.versicherungs-service.net\/lebensversicherungen\/allianz-vive-tranquilo","og_site_name":"versicherungs-service.net","article_modified_time":"2015-03-24T15:03:02+00:00","twitter_misc":{"Tiempo de lectura":"2 minutos"},"schema":{"@context":"https:\/\/schema.org","@graph":[{"@type":"WebPage","@id":"https:\/\/www.versicherungs-service.net\/lebensversicherungen\/allianz-vive-tranquilo","url":"https:\/\/www.versicherungs-service.net\/lebensversicherungen\/allianz-vive-tranquilo","name":"Allianz -vive tranquilo - versicherungs-service.net","isPartOf":{"@id":"https:\/\/www.versicherungs-service.net\/#website"},"datePublished":"2015-03-24T13:28:22+00:00","dateModified":"2015-03-24T15:03:02+00:00","breadcrumb":{"@id":"https:\/\/www.versicherungs-service.net\/lebensversicherungen\/allianz-vive-tranquilo#breadcrumb"},"inLanguage":"es","potentialAction":[{"@type":"ReadAction","target":["https:\/\/www.versicherungs-service.net\/lebensversicherungen\/allianz-vive-tranquilo"]}]},{"@type":"BreadcrumbList","@id":"https:\/\/www.versicherungs-service.net\/lebensversicherungen\/allianz-vive-tranquilo#breadcrumb","itemListElement":[{"@type":"ListItem","position":1,"name":"Home","item":"https:\/\/www.versicherungs-service.net\/"},{"@type":"ListItem","position":2,"name":"seguros de vida","item":"https:\/\/www.versicherungs-service.net\/lebensversicherungen"},{"@type":"ListItem","position":3,"name":"Allianz -vive tranquilo &#8211;"}]},{"@type":"WebSite","@id":"https:\/\/www.versicherungs-service.net\/#website","url":"https:\/\/www.versicherungs-service.net\/","name":"versicherungs-service.net","description":"Eine weitere WordPress-Seite","potentialAction":[{"@type":"SearchAction","target":{"@type":"EntryPoint","urlTemplate":"https:\/\/www.versicherungs-service.net\/?s={search_term_string}"},"query-input":{"@type":"PropertyValueSpecification","valueRequired":true,"valueName":"search_term_string"}}],"inLanguage":"es"}]}},"_links":{"self":[{"href":"https:\/\/www.versicherungs-service.net\/es\/wp-json\/wp\/v2\/pages\/310"}],"collection":[{"href":"https:\/\/www.versicherungs-service.net\/es\/wp-json\/wp\/v2\/pages"}],"about":[{"href":"https:\/\/www.versicherungs-service.net\/es\/wp-json\/wp\/v2\/types\/page"}],"author":[{"embeddable":true,"href":"https:\/\/www.versicherungs-service.net\/es\/wp-json\/wp\/v2\/users\/1"}],"replies":[{"embeddable":true,"href":"https:\/\/www.versicherungs-service.net\/es\/wp-json\/wp\/v2\/comments?post=310"}],"version-history":[{"count":2,"href":"https:\/\/www.versicherungs-service.net\/es\/wp-json\/wp\/v2\/pages\/310\/revisions"}],"predecessor-version":[{"id":319,"href":"https:\/\/www.versicherungs-service.net\/es\/wp-json\/wp\/v2\/pages\/310\/revisions\/319"}],"up":[{"embeddable":true,"href":"https:\/\/www.versicherungs-service.net\/es\/wp-json\/wp\/v2\/pages\/344"}],"wp:attachment":[{"href":"https:\/\/www.versicherungs-service.net\/es\/wp-json\/wp\/v2\/media?parent=310"}],"curies":[{"name":"wp","href":"https:\/\/api.w.org\/{rel}","templated":true}]}}