{"id":304,"date":"2015-03-24T13:22:01","date_gmt":"2015-03-24T13:22:01","guid":{"rendered":"http:\/\/www.versicherungs-service.net\/?page_id=304"},"modified":"2015-04-06T19:19:56","modified_gmt":"2015-04-06T19:19:56","slug":"allianz-hogar","status":"publish","type":"page","link":"https:\/\/www.versicherungs-service.net\/es\/allianz-hogar","title":{"rendered":"Allianz Hogar"},"content":{"rendered":"<p><strong>Allianz Hogar es un seguro multirriesgo pensado y dise\u00f1ado para dar protecci\u00f3n frente a una amplia gama de riesgos relativos a la vivienda y a las responsabilidades derivadas de la misma y de las personas que la habitan.<\/strong><br \/>\n<strong>Esta p\u00f3liza ofrece, un conjunto de garant\u00edas y prestaciones que la hacen adaptarse a las especiales necesidades de cobertura que puede necesitar cualquier tipo de vivienda.<\/strong><\/p>\n<p>&nbsp;<\/p>\n<p><strong>Riesgos Asegurados.<\/strong><br \/>\nLas garant\u00edas de la p\u00f3liza se pueden agrupar en cuatro tipos de coberturas:<\/p>\n<p><strong>Da\u00f1os materiales<\/strong><br \/>\nReparaci\u00f3n o reposici\u00f3n de los bienes objeto del seguro y los gastos relacionados directamente con ellos.<\/p>\n<p><strong>Robo<\/strong><br \/>\nReparaci\u00f3n o reposici\u00f3n de los bienes objeto del seguro en caso de robo, expoliaci\u00f3n, hurto, vandalismo, infidelidad de empleados y atraco en la calle.<\/p>\n<p><strong>Responsabilidad Civil<\/strong><br \/>\nIndemnizaci\u00f3n a un tercero de los da\u00f1os y\/o perjuicios causados por nuestro asegurado cuando sea civilmente responsable.<\/p>\n<p><strong>Servicios<\/strong><br \/>\nDonde englobamos urgencias dom\u00e9sticas, asistencia en el hogar, asesoramiento y protecci\u00f3n jur\u00eddica, servicio de ayuda domiciliaria, l\u00ednea m\u00e9dica telef\u00f3nica, asistencia inform\u00e1tica remota y recuperaci\u00f3n de datos inform\u00e1ticos, asistencia a mascotas y plantas, Bricof\u00e1cil y servicio de reparaci\u00f3n de electrodom\u00e9sticos. Su utilizaci\u00f3n es tan sencilla como realizar una simple llamada telef\u00f3nica.<\/p>\n<p>&nbsp;<\/p>\n<p><strong>Modalidades de Contrataci\u00f3n.<\/strong><\/p>\n<p>La propuesta de la modalidad Est\u00e1ndar est\u00e1 orientada a un cliente para el que la prima es un factor prioritario sin renunciar por ello a un conjunto de coberturas de lo m\u00e1s completo del mercado para este segmento. Con otras palabras, supone una opci\u00f3n de aseguramiento \u201cm\u00e1s que b\u00e1sica\u201d a un muy buen precio. Esta modalidad est\u00e1 dirigida al aseguramiento de viviendas cuyo r\u00e9gimen sea \u201cpropietario que destina a vivienda propia\u201d, y espec\u00edficamente a las caravanas\/mobil-homes.<br \/>\nLa modalidad Todo Riesgo ofrece una propuesta orientada a los segmentos altos y m\u00e1s exigentes en los que el precio pasa a un segundo plano y la prioridad se centra en qu\u00e9 est\u00e1 cubierto y c\u00f3mo se cubre. Con otras palabras, se trata de la opci\u00f3n m\u00e1s completa de Allianz Hogar.<br \/>\nEntre ambas se encuentra la modalidad Personalizada que, como su nombre indica, permite adaptar nuestra propuesta a cualquier situaci\u00f3n o necesidad requerida por el cliente. Con otras palabras, se trata de la opci\u00f3n m\u00e1s flexible de la gama.<\/p>\n<p><strong>EST\u00c1NDAR<\/strong><br \/>\n\u2022 Valoraci\u00f3n de capitales predeterminados seg\u00fan superf\u00edcie pudiendo variar el capital de edificaci\u00f3n y de mobiliario.<br \/>\n\u2022 Paquete de garant\u00edas referidas exclusivamente a edificaci\u00f3n, mobiliario, dinero, joyas y R.C. con posibilidad de contratar de forma optativa la R.C. por la propiedad de perros que requieran un seguro obligatorio y\/o potencialmente peligrosos.<br \/>\n\u2022 Renuncia a la aplicaci\u00f3n de la regla proporcional si el Asegurado acepta o modifica al alza los valores recomendados por la Compa\u00f1\u00eda.<br \/>\n\u2022 M\u00e1xima sencillez en la emisi\u00f3n.<br \/>\n<strong>PERSONALIZADA<\/strong><br \/>\n\u2022 V\u00e1lido para cualquier tipo de vivienda, excepto caravanas y mobil-homes.<br \/>\n\u2022 El cliente realiza la valoraci\u00f3n de capitales.<br \/>\n\u2022 Contrataci\u00f3n de Garant\u00edas en funci\u00f3n de las necesidades del cliente.<br \/>\n\u2022 Renuncia a la aplicaci\u00f3n de la regla proporcional si el Asegurado acepta o modifica al alza los valores recomendados por la Compa\u00f1\u00eda.<br \/>\n<strong>TODO RIESGO. DA\u00d1OS MATERIALES ACCIDENTALES<\/strong><br \/>\n\u2022 V\u00e1lido para cualquier tipo de vivienda de uso habitual que tenga unos capitales m\u00ednimos marcados por las normas de suscripci\u00f3n.<br \/>\n\u2022 El cliente realiza la valoraci\u00f3n de capitales.<br \/>\n\u2022 Cobertura Todo Riesgo.<br \/>\n\u2022 Renuncia a la aplicaci\u00f3n de la regla proporcional.<\/p>\n<p>&nbsp;<\/p>\n<p><strong>Nuevas Coberturas y Servicios.<\/strong><\/p>\n<p><strong>Rotura de tuber\u00edas sin Da\u00f1os<\/strong><br \/>\nLa cobertura de gastos de localizaci\u00f3n y reparaci\u00f3n originados por la rotura de tuber\u00edas que no causen otros da\u00f1os materiales distintos a la propia rotura.<br \/>\n<strong>Mayores Prestaciones de Servicios<\/strong><br \/>\nAllianz, con este nuevo producto de Hogar, ofrece la prestaci\u00f3n de servicios m\u00e1s amplia del mercado:<br \/>\n\u2022 Servicio de Urgencias Dom\u00e9sticas y Asistencia<br \/>\n\u2022 Asesoramiento y Protecci\u00f3n Jur\u00eddica<br \/>\n\u2022 L\u00ednea M\u00e9dica Telef\u00f3nica 24 horas al d\u00eda, 365 d\u00edas al a\u00f1o.<br \/>\n\u2022 Servicio de Ayuda Domiciliaria: facilita la contrataci\u00f3n por parte del cliente de toda clase de servicios para personas dependientes y familias j\u00f3venes (servicios de limpieza, enfermer\u00eda, residencias para la tercera edad, etc.).<br \/>\n\u2022 Asistencia Inform\u00e1tica Remota y Recuperaci\u00f3n de Datos Inform\u00e1ticos.<br \/>\n\u2022 Bricof\u00e1cil.<br \/>\n\u2022 Asistencia mascotas y a plantas.<br \/>\n\u2022 Servicio de reparaci\u00f3n de electrodom\u00e9sticos.<\/p>\n<p>&nbsp;<\/p>\n<p><a href=\"https:\/\/www.versicherungs-service.net\/wp-content\/uploads\/Allianz-Hogar-Espl..pdf\">Descargar Allianz Hogar<\/a><\/p>\n","protected":false},"excerpt":{"rendered":"<p>Allianz Hogar es un seguro multirriesgo pensado y dise\u00f1ado para [&hellip;]<\/p>\n","protected":false},"author":1,"featured_media":95,"parent":0,"menu_order":0,"comment_status":"open","ping_status":"open","template":"","meta":{"footnotes":""},"class_list":["post-304","page","type-page","status-publish","has-post-thumbnail","hentry"],"yoast_head":"<!-- This site is optimized with the Yoast SEO plugin v23.5 - https:\/\/yoast.com\/wordpress\/plugins\/seo\/ -->\n<title>Allianz Hogar - versicherungs-service.net<\/title>\n<meta name=\"robots\" content=\"index, follow, max-snippet:-1, max-image-preview:large, max-video-preview:-1\" \/>\n<link rel=\"canonical\" href=\"https:\/\/www.versicherungs-service.net\/allianz-hogar\" \/>\n<meta property=\"og:locale\" content=\"es_ES\" \/>\n<meta property=\"og:type\" content=\"article\" \/>\n<meta property=\"og:title\" content=\"Allianz Hogar - versicherungs-service.net\" \/>\n<meta property=\"og:description\" content=\"Allianz Hogar es un seguro multirriesgo pensado y dise\u00f1ado para [&hellip;]\" \/>\n<meta property=\"og:url\" content=\"https:\/\/www.versicherungs-service.net\/allianz-hogar\" \/>\n<meta property=\"og:site_name\" content=\"versicherungs-service.net\" \/>\n<meta property=\"article:modified_time\" content=\"2015-04-06T19:19:56+00:00\" \/>\n<meta property=\"og:image\" content=\"https:\/\/www.versicherungs-service.net\/wp-content\/uploads\/2015\/03\/wohnen.jpg\" \/>\n\t<meta property=\"og:image:width\" content=\"490\" \/>\n\t<meta property=\"og:image:height\" content=\"216\" \/>\n\t<meta property=\"og:image:type\" content=\"image\/jpeg\" \/>\n<meta name=\"twitter:label1\" content=\"Tiempo de lectura\" \/>\n\t<meta name=\"twitter:data1\" content=\"4 minutos\" \/>\n<script type=\"application\/ld+json\" class=\"yoast-schema-graph\">{\"@context\":\"https:\/\/schema.org\",\"@graph\":[{\"@type\":\"WebPage\",\"@id\":\"https:\/\/www.versicherungs-service.net\/allianz-hogar\",\"url\":\"https:\/\/www.versicherungs-service.net\/allianz-hogar\",\"name\":\"Allianz Hogar - versicherungs-service.net\",\"isPartOf\":{\"@id\":\"https:\/\/www.versicherungs-service.net\/#website\"},\"primaryImageOfPage\":{\"@id\":\"https:\/\/www.versicherungs-service.net\/allianz-hogar#primaryimage\"},\"image\":{\"@id\":\"https:\/\/www.versicherungs-service.net\/allianz-hogar#primaryimage\"},\"thumbnailUrl\":\"https:\/\/www.versicherungs-service.net\/wp-content\/uploads\/2015\/03\/wohnen.jpg\",\"datePublished\":\"2015-03-24T13:22:01+00:00\",\"dateModified\":\"2015-04-06T19:19:56+00:00\",\"breadcrumb\":{\"@id\":\"https:\/\/www.versicherungs-service.net\/allianz-hogar#breadcrumb\"},\"inLanguage\":\"es\",\"potentialAction\":[{\"@type\":\"ReadAction\",\"target\":[\"https:\/\/www.versicherungs-service.net\/allianz-hogar\"]}]},{\"@type\":\"ImageObject\",\"inLanguage\":\"es\",\"@id\":\"https:\/\/www.versicherungs-service.net\/allianz-hogar#primaryimage\",\"url\":\"https:\/\/www.versicherungs-service.net\/wp-content\/uploads\/2015\/03\/wohnen.jpg\",\"contentUrl\":\"https:\/\/www.versicherungs-service.net\/wp-content\/uploads\/2015\/03\/wohnen.jpg\",\"width\":490,\"height\":216},{\"@type\":\"BreadcrumbList\",\"@id\":\"https:\/\/www.versicherungs-service.net\/allianz-hogar#breadcrumb\",\"itemListElement\":[{\"@type\":\"ListItem\",\"position\":1,\"name\":\"Home\",\"item\":\"https:\/\/www.versicherungs-service.net\/\"},{\"@type\":\"ListItem\",\"position\":2,\"name\":\"Allianz Hogar\"}]},{\"@type\":\"WebSite\",\"@id\":\"https:\/\/www.versicherungs-service.net\/#website\",\"url\":\"https:\/\/www.versicherungs-service.net\/\",\"name\":\"versicherungs-service.net\",\"description\":\"Eine weitere WordPress-Seite\",\"potentialAction\":[{\"@type\":\"SearchAction\",\"target\":{\"@type\":\"EntryPoint\",\"urlTemplate\":\"https:\/\/www.versicherungs-service.net\/?s={search_term_string}\"},\"query-input\":{\"@type\":\"PropertyValueSpecification\",\"valueRequired\":true,\"valueName\":\"search_term_string\"}}],\"inLanguage\":\"es\"}]}<\/script>\n<!-- \/ Yoast SEO plugin. -->","yoast_head_json":{"title":"Allianz Hogar - versicherungs-service.net","robots":{"index":"index","follow":"follow","max-snippet":"max-snippet:-1","max-image-preview":"max-image-preview:large","max-video-preview":"max-video-preview:-1"},"canonical":"https:\/\/www.versicherungs-service.net\/allianz-hogar","og_locale":"es_ES","og_type":"article","og_title":"Allianz Hogar - versicherungs-service.net","og_description":"Allianz Hogar es un seguro multirriesgo pensado y dise\u00f1ado para [&hellip;]","og_url":"https:\/\/www.versicherungs-service.net\/allianz-hogar","og_site_name":"versicherungs-service.net","article_modified_time":"2015-04-06T19:19:56+00:00","og_image":[{"width":490,"height":216,"url":"https:\/\/www.versicherungs-service.net\/wp-content\/uploads\/2015\/03\/wohnen.jpg","type":"image\/jpeg"}],"twitter_misc":{"Tiempo de lectura":"4 minutos"},"schema":{"@context":"https:\/\/schema.org","@graph":[{"@type":"WebPage","@id":"https:\/\/www.versicherungs-service.net\/allianz-hogar","url":"https:\/\/www.versicherungs-service.net\/allianz-hogar","name":"Allianz Hogar - versicherungs-service.net","isPartOf":{"@id":"https:\/\/www.versicherungs-service.net\/#website"},"primaryImageOfPage":{"@id":"https:\/\/www.versicherungs-service.net\/allianz-hogar#primaryimage"},"image":{"@id":"https:\/\/www.versicherungs-service.net\/allianz-hogar#primaryimage"},"thumbnailUrl":"https:\/\/www.versicherungs-service.net\/wp-content\/uploads\/2015\/03\/wohnen.jpg","datePublished":"2015-03-24T13:22:01+00:00","dateModified":"2015-04-06T19:19:56+00:00","breadcrumb":{"@id":"https:\/\/www.versicherungs-service.net\/allianz-hogar#breadcrumb"},"inLanguage":"es","potentialAction":[{"@type":"ReadAction","target":["https:\/\/www.versicherungs-service.net\/allianz-hogar"]}]},{"@type":"ImageObject","inLanguage":"es","@id":"https:\/\/www.versicherungs-service.net\/allianz-hogar#primaryimage","url":"https:\/\/www.versicherungs-service.net\/wp-content\/uploads\/2015\/03\/wohnen.jpg","contentUrl":"https:\/\/www.versicherungs-service.net\/wp-content\/uploads\/2015\/03\/wohnen.jpg","width":490,"height":216},{"@type":"BreadcrumbList","@id":"https:\/\/www.versicherungs-service.net\/allianz-hogar#breadcrumb","itemListElement":[{"@type":"ListItem","position":1,"name":"Home","item":"https:\/\/www.versicherungs-service.net\/"},{"@type":"ListItem","position":2,"name":"Allianz Hogar"}]},{"@type":"WebSite","@id":"https:\/\/www.versicherungs-service.net\/#website","url":"https:\/\/www.versicherungs-service.net\/","name":"versicherungs-service.net","description":"Eine weitere WordPress-Seite","potentialAction":[{"@type":"SearchAction","target":{"@type":"EntryPoint","urlTemplate":"https:\/\/www.versicherungs-service.net\/?s={search_term_string}"},"query-input":{"@type":"PropertyValueSpecification","valueRequired":true,"valueName":"search_term_string"}}],"inLanguage":"es"}]}},"_links":{"self":[{"href":"https:\/\/www.versicherungs-service.net\/es\/wp-json\/wp\/v2\/pages\/304"}],"collection":[{"href":"https:\/\/www.versicherungs-service.net\/es\/wp-json\/wp\/v2\/pages"}],"about":[{"href":"https:\/\/www.versicherungs-service.net\/es\/wp-json\/wp\/v2\/types\/page"}],"author":[{"embeddable":true,"href":"https:\/\/www.versicherungs-service.net\/es\/wp-json\/wp\/v2\/users\/1"}],"replies":[{"embeddable":true,"href":"https:\/\/www.versicherungs-service.net\/es\/wp-json\/wp\/v2\/comments?post=304"}],"version-history":[{"count":1,"href":"https:\/\/www.versicherungs-service.net\/es\/wp-json\/wp\/v2\/pages\/304\/revisions"}],"predecessor-version":[{"id":308,"href":"https:\/\/www.versicherungs-service.net\/es\/wp-json\/wp\/v2\/pages\/304\/revisions\/308"}],"wp:featuredmedia":[{"embeddable":true,"href":"https:\/\/www.versicherungs-service.net\/es\/wp-json\/wp\/v2\/media\/95"}],"wp:attachment":[{"href":"https:\/\/www.versicherungs-service.net\/es\/wp-json\/wp\/v2\/media?parent=304"}],"curies":[{"name":"wp","href":"https:\/\/api.w.org\/{rel}","templated":true}]}}