{"id":295,"date":"2015-03-24T12:20:38","date_gmt":"2015-03-24T12:20:38","guid":{"rendered":"http:\/\/www.versicherungs-service.net\/?page_id=295"},"modified":"2015-04-06T19:19:05","modified_gmt":"2015-04-06T19:19:05","slug":"allianz-comercio","status":"publish","type":"page","link":"https:\/\/www.versicherungs-service.net\/es\/allianz-comercio","title":{"rendered":"Allianz Comercio"},"content":{"rendered":"<p><strong> En la cobertura del riesgo de las necesidades del cliente anpepasste Las garant\u00edas se adaptan a las necesidades de los clientes y cubre los da\u00f1os materiales, en la que<\/strong><br \/>\n<strong>tambi\u00e9n la posibilidad de cubrir la responsabilidad civil de la p\u00e9rdida de beneficios y colectivamente Para ser incluidos accidentes contractualmente controlada.<\/strong><\/p>\n<p><strong>\u2022 Valor de reemplazo<\/strong><br \/>\nEn general se acepta que la regulaci\u00f3n es de cobertura de garant\u00edas a valor de reposici\u00f3n.<\/p>\n<p><strong>\u2022 La compensaci\u00f3n de las sumas aseguradas<\/strong><br \/>\nLas sumas aseguradas de los equipos y productos pueden ser compensadas.<\/p>\n<p><strong>\u2022 Evitar el uso del control proporcional<\/strong><br \/>\nLa regla proporcional no se aplica si la desviaci\u00f3n del valor del seguro de lo real<br \/>\nLos valores por debajo del 15%, incluso con la tapa de la ganancia.<\/p>\n<p><strong>\u2022 Revalorizaci\u00f3n anual de acuerdo con el \u00cdndice de Precios al Consumidor<\/strong><br \/>\nLas sumas aseguradas se revalorizar\u00e1n anualmente por el \u00cdndice de Precios al Consumidor, por lo que da\u00f1\u00f3<br \/>\nLos bienes pueden ser reemplazados en cualquier momento.<\/p>\n<p><strong>\u2022 100%<\/strong><br \/>\nEl valor de la construcci\u00f3n, equipos y bienes a trav\u00e9s de los seguros en caso de grandes<br \/>\nRiesgos para la cubierta al 100%: da\u00f1os por incendio, explosi\u00f3n, rayo, da\u00f1os por agua, la atm\u00f3sfera<br \/>\nFen\u00f3menos, si son elegidos. Sin embargo, otros riesgos m\u00e1s peque\u00f1os est\u00e1n totalmente cubiertos, como<br \/>\nRotura de cristales, la falta de equipos electr\u00f3nicos, fallos de las m\u00e1quinas y el deterioro de productos refrigerados.<\/p>\n<p><strong>\u2022 El dinero est\u00e1 a salvo<\/strong><br \/>\nEl dinero en efectivo en la caja fuerte o au\u00dferhalb de ella est\u00e1 cubierta contra el robo hasta el l\u00edmite acordado.<br \/>\nSi llegara a ser trasladado a un asalto, luego al asegurado, hasta el acuerdo<br \/>\nCompensaci\u00f3n de l\u00edmite.<\/p>\n<p><strong>\u2022 El personal y los clientes est\u00e1n a salvo<\/strong><br \/>\nEl seguro cubre la propiedad de los empleados y el asalto a los clientes, con un m\u00e1ximo de<br \/>\n3.000 \u20ac por reclamaci\u00f3n y 300 \u20ac por v\u00edctima.<\/p>\n<p><strong>\u2022 Responsabilidad civil<\/strong><br \/>\nEl seguro ofrece una cobertura completa de la responsabilidad civil de la responsabilidad patrimonial<br \/>\nsobre la responsabilidad de la operaci\u00f3n a la responsabilidad del producto, teniendo en cuenta que la responsabilidad para el cliente<br \/>\nalimentos y bebidas administrado se incluye. Los l\u00edmites de los seguros en el<br \/>\nresponsabilidad civil frente a las necesidades del cliente est\u00e1n debidamente elegido.<\/p>\n<p><strong>\u2022 La cuenta de p\u00e9rdidas y ganancias se proporciona<\/strong><br \/>\nDe las ganancias: Durante el per\u00edodo de interrupci\u00f3n total de los negocios. El cliente<br \/>\ntiene la capacidad de elegir entre los dos m\u00e9todos adecuados para \u00e9l:<br \/>\n&#8211; Para cubrir los gastos generales, a todos los costes en curso (salarios, seguridad social,<br \/>\nAlquiler, agua, gas y electricidad, tarifas, etc) que la empresa despu\u00e9s de la ocurrencia de<br \/>\nSi el da\u00f1o m\u00e1s tensi\u00f3n.<br \/>\n&#8211; La utilidad bruta. Esta actuaci\u00f3n se suma a los mencionados anteriormente cubrir los posibles<br \/>\nLa utilidad bruta, que de nuestros asegurados, no se puede lograr, cubierta. Si la desviaci\u00f3n de<br \/>\nValor del seguro de los valores reales de menos del 15%, tambi\u00e9n aqu\u00ed, la regla proporcional no se aplica.<\/p>\n<p><strong>\u2022 La informaci\u00f3n que es de inter\u00e9s para el cliente<\/strong><br \/>\nLa informaci\u00f3n pol\u00edtica de MED sobre las reglas y regulaciones con respecto a Ma\u00dfnahmen brandverh\u00fctender<br \/>\nofrecidos.<\/p>\n<p><strong>\u2022 La red de asistencia<\/strong><br \/>\nEl cliente cuenta con una red de servicios de apoyo, que est\u00e1 en operaci\u00f3n constante. Con un simple<br \/>\nLlamada de tel\u00e9fono a los profesionales, como fontaneros, cerrajeros y los ingenieros de seguridad y<br \/>\notros servicios de inter\u00e9s para el cliente orden\u00f3.<\/p>\n<p><strong>\u2022 Servicio de Emergencia<\/strong><br \/>\nUna red de servicios de emergencia, que siempre est\u00e1 trabajando y en caso de emergencia en el menor tiempo<br \/>\nLos expertos enviados, como fontaneros, electricistas, cerrajeros y t\u00e9cnicos de seguridad.<\/p>\n<p><strong>\u2022 Aviso legal y protecci\u00f3n<\/strong><br \/>\nReclamaci\u00f3n de da\u00f1os a la propiedad asegurada, las disputas en relaci\u00f3n con las servidumbres y<br \/>\nEl incumplimiento de los contratos para el equipo. Contratos, los conflictos con la comunidad de propietarios.<br \/>\nLa representaci\u00f3n legal en materia de empleo en el caso de acciones legales por parte de un empleado.<\/p>\n<p><strong>\u2022 En respuesta a la p\u00e9rdida total de la construcci\u00f3n<\/strong><br \/>\nComo resultado directo del trabajo de construcci\u00f3n llevado a cabo por parte de terceros de los edificios adyacentes o<br \/>\nlas obras p\u00fablicas en las calles adyacentes o en Stra\u00dfenuntergrund.<\/p>\n","protected":false},"excerpt":{"rendered":"<p>En la cobertura del riesgo de las necesidades del cliente [&hellip;]<\/p>\n","protected":false},"author":1,"featured_media":88,"parent":0,"menu_order":0,"comment_status":"open","ping_status":"open","template":"","meta":{"footnotes":""},"class_list":["post-295","page","type-page","status-publish","has-post-thumbnail","hentry"],"yoast_head":"<!-- This site is optimized with the Yoast SEO plugin v23.5 - https:\/\/yoast.com\/wordpress\/plugins\/seo\/ -->\n<title>Allianz Comercio - versicherungs-service.net<\/title>\n<meta name=\"robots\" content=\"index, follow, max-snippet:-1, max-image-preview:large, max-video-preview:-1\" \/>\n<link rel=\"canonical\" href=\"https:\/\/www.versicherungs-service.net\/comercio\" \/>\n<meta property=\"og:locale\" content=\"es_ES\" \/>\n<meta property=\"og:type\" content=\"article\" \/>\n<meta property=\"og:title\" content=\"Allianz Comercio - versicherungs-service.net\" \/>\n<meta property=\"og:description\" content=\"En la cobertura del riesgo de las necesidades del cliente [&hellip;]\" \/>\n<meta property=\"og:url\" content=\"https:\/\/www.versicherungs-service.net\/comercio\" \/>\n<meta property=\"og:site_name\" content=\"versicherungs-service.net\" \/>\n<meta property=\"article:modified_time\" content=\"2015-04-06T19:19:05+00:00\" \/>\n<meta property=\"og:image\" content=\"https:\/\/www.versicherungs-service.net\/wp-content\/uploads\/2015\/03\/N-Comercio_490x230.jpg\" \/>\n\t<meta property=\"og:image:width\" content=\"490\" \/>\n\t<meta property=\"og:image:height\" content=\"230\" \/>\n\t<meta property=\"og:image:type\" content=\"image\/jpeg\" \/>\n<meta name=\"twitter:label1\" content=\"Tiempo de lectura\" \/>\n\t<meta name=\"twitter:data1\" content=\"4 minutos\" \/>\n<script type=\"application\/ld+json\" class=\"yoast-schema-graph\">{\"@context\":\"https:\/\/schema.org\",\"@graph\":[{\"@type\":\"WebPage\",\"@id\":\"https:\/\/www.versicherungs-service.net\/comercio\",\"url\":\"https:\/\/www.versicherungs-service.net\/comercio\",\"name\":\"Allianz Comercio - versicherungs-service.net\",\"isPartOf\":{\"@id\":\"https:\/\/www.versicherungs-service.net\/#website\"},\"primaryImageOfPage\":{\"@id\":\"https:\/\/www.versicherungs-service.net\/comercio#primaryimage\"},\"image\":{\"@id\":\"https:\/\/www.versicherungs-service.net\/comercio#primaryimage\"},\"thumbnailUrl\":\"https:\/\/www.versicherungs-service.net\/wp-content\/uploads\/2015\/03\/N-Comercio_490x230.jpg\",\"datePublished\":\"2015-03-24T12:20:38+00:00\",\"dateModified\":\"2015-04-06T19:19:05+00:00\",\"breadcrumb\":{\"@id\":\"https:\/\/www.versicherungs-service.net\/comercio#breadcrumb\"},\"inLanguage\":\"es\",\"potentialAction\":[{\"@type\":\"ReadAction\",\"target\":[\"https:\/\/www.versicherungs-service.net\/comercio\"]}]},{\"@type\":\"ImageObject\",\"inLanguage\":\"es\",\"@id\":\"https:\/\/www.versicherungs-service.net\/comercio#primaryimage\",\"url\":\"https:\/\/www.versicherungs-service.net\/wp-content\/uploads\/2015\/03\/N-Comercio_490x230.jpg\",\"contentUrl\":\"https:\/\/www.versicherungs-service.net\/wp-content\/uploads\/2015\/03\/N-Comercio_490x230.jpg\",\"width\":490,\"height\":230},{\"@type\":\"BreadcrumbList\",\"@id\":\"https:\/\/www.versicherungs-service.net\/comercio#breadcrumb\",\"itemListElement\":[{\"@type\":\"ListItem\",\"position\":1,\"name\":\"Home\",\"item\":\"https:\/\/www.versicherungs-service.net\/\"},{\"@type\":\"ListItem\",\"position\":2,\"name\":\"Allianz Comercio\"}]},{\"@type\":\"WebSite\",\"@id\":\"https:\/\/www.versicherungs-service.net\/#website\",\"url\":\"https:\/\/www.versicherungs-service.net\/\",\"name\":\"versicherungs-service.net\",\"description\":\"Eine weitere WordPress-Seite\",\"potentialAction\":[{\"@type\":\"SearchAction\",\"target\":{\"@type\":\"EntryPoint\",\"urlTemplate\":\"https:\/\/www.versicherungs-service.net\/?s={search_term_string}\"},\"query-input\":{\"@type\":\"PropertyValueSpecification\",\"valueRequired\":true,\"valueName\":\"search_term_string\"}}],\"inLanguage\":\"es\"}]}<\/script>\n<!-- \/ Yoast SEO plugin. -->","yoast_head_json":{"title":"Allianz Comercio - versicherungs-service.net","robots":{"index":"index","follow":"follow","max-snippet":"max-snippet:-1","max-image-preview":"max-image-preview:large","max-video-preview":"max-video-preview:-1"},"canonical":"https:\/\/www.versicherungs-service.net\/comercio","og_locale":"es_ES","og_type":"article","og_title":"Allianz Comercio - versicherungs-service.net","og_description":"En la cobertura del riesgo de las necesidades del cliente [&hellip;]","og_url":"https:\/\/www.versicherungs-service.net\/comercio","og_site_name":"versicherungs-service.net","article_modified_time":"2015-04-06T19:19:05+00:00","og_image":[{"width":490,"height":230,"url":"https:\/\/www.versicherungs-service.net\/wp-content\/uploads\/2015\/03\/N-Comercio_490x230.jpg","type":"image\/jpeg"}],"twitter_misc":{"Tiempo de lectura":"4 minutos"},"schema":{"@context":"https:\/\/schema.org","@graph":[{"@type":"WebPage","@id":"https:\/\/www.versicherungs-service.net\/comercio","url":"https:\/\/www.versicherungs-service.net\/comercio","name":"Allianz Comercio - versicherungs-service.net","isPartOf":{"@id":"https:\/\/www.versicherungs-service.net\/#website"},"primaryImageOfPage":{"@id":"https:\/\/www.versicherungs-service.net\/comercio#primaryimage"},"image":{"@id":"https:\/\/www.versicherungs-service.net\/comercio#primaryimage"},"thumbnailUrl":"https:\/\/www.versicherungs-service.net\/wp-content\/uploads\/2015\/03\/N-Comercio_490x230.jpg","datePublished":"2015-03-24T12:20:38+00:00","dateModified":"2015-04-06T19:19:05+00:00","breadcrumb":{"@id":"https:\/\/www.versicherungs-service.net\/comercio#breadcrumb"},"inLanguage":"es","potentialAction":[{"@type":"ReadAction","target":["https:\/\/www.versicherungs-service.net\/comercio"]}]},{"@type":"ImageObject","inLanguage":"es","@id":"https:\/\/www.versicherungs-service.net\/comercio#primaryimage","url":"https:\/\/www.versicherungs-service.net\/wp-content\/uploads\/2015\/03\/N-Comercio_490x230.jpg","contentUrl":"https:\/\/www.versicherungs-service.net\/wp-content\/uploads\/2015\/03\/N-Comercio_490x230.jpg","width":490,"height":230},{"@type":"BreadcrumbList","@id":"https:\/\/www.versicherungs-service.net\/comercio#breadcrumb","itemListElement":[{"@type":"ListItem","position":1,"name":"Home","item":"https:\/\/www.versicherungs-service.net\/"},{"@type":"ListItem","position":2,"name":"Allianz Comercio"}]},{"@type":"WebSite","@id":"https:\/\/www.versicherungs-service.net\/#website","url":"https:\/\/www.versicherungs-service.net\/","name":"versicherungs-service.net","description":"Eine weitere WordPress-Seite","potentialAction":[{"@type":"SearchAction","target":{"@type":"EntryPoint","urlTemplate":"https:\/\/www.versicherungs-service.net\/?s={search_term_string}"},"query-input":{"@type":"PropertyValueSpecification","valueRequired":true,"valueName":"search_term_string"}}],"inLanguage":"es"}]}},"_links":{"self":[{"href":"https:\/\/www.versicherungs-service.net\/es\/wp-json\/wp\/v2\/pages\/295"}],"collection":[{"href":"https:\/\/www.versicherungs-service.net\/es\/wp-json\/wp\/v2\/pages"}],"about":[{"href":"https:\/\/www.versicherungs-service.net\/es\/wp-json\/wp\/v2\/types\/page"}],"author":[{"embeddable":true,"href":"https:\/\/www.versicherungs-service.net\/es\/wp-json\/wp\/v2\/users\/1"}],"replies":[{"embeddable":true,"href":"https:\/\/www.versicherungs-service.net\/es\/wp-json\/wp\/v2\/comments?post=295"}],"version-history":[{"count":3,"href":"https:\/\/www.versicherungs-service.net\/es\/wp-json\/wp\/v2\/pages\/295\/revisions"}],"predecessor-version":[{"id":471,"href":"https:\/\/www.versicherungs-service.net\/es\/wp-json\/wp\/v2\/pages\/295\/revisions\/471"}],"wp:featuredmedia":[{"embeddable":true,"href":"https:\/\/www.versicherungs-service.net\/es\/wp-json\/wp\/v2\/media\/88"}],"wp:attachment":[{"href":"https:\/\/www.versicherungs-service.net\/es\/wp-json\/wp\/v2\/media?parent=295"}],"curies":[{"name":"wp","href":"https:\/\/api.w.org\/{rel}","templated":true}]}}