{"id":293,"date":"2015-03-24T12:18:31","date_gmt":"2015-03-24T12:18:31","guid":{"rendered":"http:\/\/www.versicherungs-service.net\/?page_id=293"},"modified":"2015-06-02T08:43:03","modified_gmt":"2015-06-02T08:43:03","slug":"servicios","status":"publish","type":"page","link":"https:\/\/www.versicherungs-service.net\/es\/allianz-auto\/servicios","title":{"rendered":"Servicios"},"content":{"rendered":"<p><strong>Con el producto para el coche alianza gobernante en la demanda del mercado para la protecci\u00f3n del seguro<\/strong> <strong>cubiertas en esta \u00e1rea. Con Allianz Seguros llevamos significativa<\/strong> <strong>Mejoras del producto y ofrecer un producto basado en las necesidades personales de cada cliente<\/strong> <strong>adaptado y dise\u00f1ado rendimiento realmente extraordinario.<\/strong><\/p>\n<p><strong>Precios ventajosos.<\/strong><br \/>\n\u2022 Personalmente tarifas a medida, que dependen del perfil del cliente (edad, puesto que cuando el cliente posee la licencia, etc,).<br \/>\n\u2022 Las tasas se aplican son diferentes a las kilometraje del veh\u00edculo.<br \/>\n\u2022 Tratamiento especial para los veh\u00edculos nuevos.<br \/>\n\u2022 Descuento para el uso garaje, el segundo coche de la familia, para el control de la estabilidad del veh\u00edculo &#8230;<br \/>\n\u2022 Aplicaci\u00f3n de Bonifizierung, que est\u00e1 disponible en otras compa\u00f1\u00edas de seguros, en Caso de clientes extranjeros.<br \/>\n\u2022 Tratamiento especial para los j\u00f3venes entre los clientes.<\/p>\n<p><strong>Los mejores servicios.<\/strong><br \/>\n\u2022 Asistencia en viaje en el kilometraje.<br \/>\n\u2022 veh\u00edculo de reemplazo despu\u00e9s de un accidente o robo del veh\u00edculo.<br \/>\n\u2022 asesoramiento en materia de multas de tr\u00e1fico.<br \/>\n\u2022 Curso especializado para la recuperaci\u00f3n del permiso de conducci\u00f3n retirada puntos y la indemnizaci\u00f3n por P\u00e9rdida de la licencia debido a la retirada de puntos.<br \/>\n\u2022 Ayuda financiera en la p\u00e9rdida temporal de la licencia.<br \/>\n\u2022 Cambio de neum\u00e1ticos desinflados, con desempe\u00f1o en la falta de combustible o el uso de inadecuado Combustible y la p\u00e9rdida de las llaves del coche.<br \/>\n\u2022 La red de centros de servicios de asistencia en viajes en el pa\u00eds y el extranjero.<br \/>\n\u2022 Servicios de salud en el extranjero, incluso si el asegurado no tener los\u00a0 El veh\u00edculo est\u00e1 viajando.<br \/>\n\u2022 red de tiendas de confianza.<br \/>\n\u2022 Taller de Servicios para reemplazar los discos est\u00e1n a cubierto.<br \/>\n\u2022 Reducci\u00f3n de la franquicia.<\/p>\n<p><strong>Una amplia gama de servicios de seguros.<\/strong><br \/>\n\u2022 Limpieza y restauraci\u00f3n de los servicios p\u00fablicos del interior del veh\u00edculo para el transporte de heridos.<br \/>\n\u2022 El costo de control del veh\u00edculo por el T\u00dcV de accidentes.<br \/>\n\u2022 Servicios de salud del conductor.<br \/>\n\u2022 Da\u00f1os debido a un enfrentamiento con los animales de caza y los animales dom\u00e9sticos.<br \/>\n\u2022 Los da\u00f1os causados \u200b\u200bpor fen\u00f3menos naturales (viento, granizo, nieve, lluvia, etc.)<br \/>\n\u2022 El valor de mercado.<br \/>\n\u2022 Accesorios incluidos fuera de la serie sin la indicaci\u00f3n previa y expresa de la misma y sin costo adicional de 1.500 \u20ac.<br \/>\n\u2022 La transferencia de los extranjeros a sus imTodesfall pa\u00eds.<br \/>\n\u2022 Reparaci\u00f3n y sustituci\u00f3n de equipaje, efectos personales y los dispositivos de retenci\u00f3n para ni\u00f1os.<br \/>\n\u2022 Reclamaci\u00f3n de da\u00f1os o amAnh\u00e4nger caravana.<br \/>\n\u2022 reclamar los da\u00f1os si el veh\u00edculo fue retirado de la circulaci\u00f3n.<br \/>\n\u2022 La cantidad m\u00e1xima asegurada en el mercado del seguro de accidentes del conductor.<br \/>\n\u2022 pago anticipado de los da\u00f1os en forma de anticipo de hasta 5.000 \u20ac en caso de muerte.<\/p>\n","protected":false},"excerpt":{"rendered":"<p>Con el producto para el coche alianza gobernante en la [&hellip;]<\/p>\n","protected":false},"author":1,"featured_media":0,"parent":288,"menu_order":0,"comment_status":"open","ping_status":"closed","template":"","meta":{"footnotes":""},"class_list":["post-293","page","type-page","status-publish","hentry"],"yoast_head":"<!-- This site is optimized with the Yoast SEO plugin v23.5 - https:\/\/yoast.com\/wordpress\/plugins\/seo\/ -->\n<title>Servicios - versicherungs-service.net<\/title>\n<meta name=\"robots\" content=\"index, follow, max-snippet:-1, max-image-preview:large, max-video-preview:-1\" \/>\n<link rel=\"canonical\" href=\"https:\/\/www.versicherungs-service.net\/allianz-auto\/serviceleistungen\" \/>\n<meta property=\"og:locale\" content=\"es_ES\" \/>\n<meta property=\"og:type\" content=\"article\" \/>\n<meta property=\"og:title\" content=\"Servicios - versicherungs-service.net\" \/>\n<meta property=\"og:description\" content=\"Con el producto para el coche alianza gobernante en la [&hellip;]\" \/>\n<meta property=\"og:url\" content=\"https:\/\/www.versicherungs-service.net\/allianz-auto\/serviceleistungen\" \/>\n<meta property=\"og:site_name\" content=\"versicherungs-service.net\" \/>\n<meta property=\"article:modified_time\" content=\"2015-06-02T08:43:03+00:00\" \/>\n<meta name=\"twitter:label1\" content=\"Tiempo de lectura\" \/>\n\t<meta name=\"twitter:data1\" content=\"2 minutos\" \/>\n<script type=\"application\/ld+json\" class=\"yoast-schema-graph\">{\"@context\":\"https:\/\/schema.org\",\"@graph\":[{\"@type\":\"WebPage\",\"@id\":\"https:\/\/www.versicherungs-service.net\/allianz-auto\/serviceleistungen\",\"url\":\"https:\/\/www.versicherungs-service.net\/allianz-auto\/serviceleistungen\",\"name\":\"Servicios - versicherungs-service.net\",\"isPartOf\":{\"@id\":\"https:\/\/www.versicherungs-service.net\/#website\"},\"datePublished\":\"2015-03-24T12:18:31+00:00\",\"dateModified\":\"2015-06-02T08:43:03+00:00\",\"breadcrumb\":{\"@id\":\"https:\/\/www.versicherungs-service.net\/allianz-auto\/serviceleistungen#breadcrumb\"},\"inLanguage\":\"es\",\"potentialAction\":[{\"@type\":\"ReadAction\",\"target\":[\"https:\/\/www.versicherungs-service.net\/allianz-auto\/serviceleistungen\"]}]},{\"@type\":\"BreadcrumbList\",\"@id\":\"https:\/\/www.versicherungs-service.net\/allianz-auto\/serviceleistungen#breadcrumb\",\"itemListElement\":[{\"@type\":\"ListItem\",\"position\":1,\"name\":\"Home\",\"item\":\"https:\/\/www.versicherungs-service.net\/\"},{\"@type\":\"ListItem\",\"position\":2,\"name\":\"Allianz Auto\",\"item\":\"https:\/\/www.versicherungs-service.net\/allianz-auto\"},{\"@type\":\"ListItem\",\"position\":3,\"name\":\"Servicios\"}]},{\"@type\":\"WebSite\",\"@id\":\"https:\/\/www.versicherungs-service.net\/#website\",\"url\":\"https:\/\/www.versicherungs-service.net\/\",\"name\":\"versicherungs-service.net\",\"description\":\"Eine weitere WordPress-Seite\",\"potentialAction\":[{\"@type\":\"SearchAction\",\"target\":{\"@type\":\"EntryPoint\",\"urlTemplate\":\"https:\/\/www.versicherungs-service.net\/?s={search_term_string}\"},\"query-input\":{\"@type\":\"PropertyValueSpecification\",\"valueRequired\":true,\"valueName\":\"search_term_string\"}}],\"inLanguage\":\"es\"}]}<\/script>\n<!-- \/ Yoast SEO plugin. -->","yoast_head_json":{"title":"Servicios - versicherungs-service.net","robots":{"index":"index","follow":"follow","max-snippet":"max-snippet:-1","max-image-preview":"max-image-preview:large","max-video-preview":"max-video-preview:-1"},"canonical":"https:\/\/www.versicherungs-service.net\/allianz-auto\/serviceleistungen","og_locale":"es_ES","og_type":"article","og_title":"Servicios - versicherungs-service.net","og_description":"Con el producto para el coche alianza gobernante en la [&hellip;]","og_url":"https:\/\/www.versicherungs-service.net\/allianz-auto\/serviceleistungen","og_site_name":"versicherungs-service.net","article_modified_time":"2015-06-02T08:43:03+00:00","twitter_misc":{"Tiempo de lectura":"2 minutos"},"schema":{"@context":"https:\/\/schema.org","@graph":[{"@type":"WebPage","@id":"https:\/\/www.versicherungs-service.net\/allianz-auto\/serviceleistungen","url":"https:\/\/www.versicherungs-service.net\/allianz-auto\/serviceleistungen","name":"Servicios - versicherungs-service.net","isPartOf":{"@id":"https:\/\/www.versicherungs-service.net\/#website"},"datePublished":"2015-03-24T12:18:31+00:00","dateModified":"2015-06-02T08:43:03+00:00","breadcrumb":{"@id":"https:\/\/www.versicherungs-service.net\/allianz-auto\/serviceleistungen#breadcrumb"},"inLanguage":"es","potentialAction":[{"@type":"ReadAction","target":["https:\/\/www.versicherungs-service.net\/allianz-auto\/serviceleistungen"]}]},{"@type":"BreadcrumbList","@id":"https:\/\/www.versicherungs-service.net\/allianz-auto\/serviceleistungen#breadcrumb","itemListElement":[{"@type":"ListItem","position":1,"name":"Home","item":"https:\/\/www.versicherungs-service.net\/"},{"@type":"ListItem","position":2,"name":"Allianz Auto","item":"https:\/\/www.versicherungs-service.net\/allianz-auto"},{"@type":"ListItem","position":3,"name":"Servicios"}]},{"@type":"WebSite","@id":"https:\/\/www.versicherungs-service.net\/#website","url":"https:\/\/www.versicherungs-service.net\/","name":"versicherungs-service.net","description":"Eine weitere WordPress-Seite","potentialAction":[{"@type":"SearchAction","target":{"@type":"EntryPoint","urlTemplate":"https:\/\/www.versicherungs-service.net\/?s={search_term_string}"},"query-input":{"@type":"PropertyValueSpecification","valueRequired":true,"valueName":"search_term_string"}}],"inLanguage":"es"}]}},"_links":{"self":[{"href":"https:\/\/www.versicherungs-service.net\/es\/wp-json\/wp\/v2\/pages\/293"}],"collection":[{"href":"https:\/\/www.versicherungs-service.net\/es\/wp-json\/wp\/v2\/pages"}],"about":[{"href":"https:\/\/www.versicherungs-service.net\/es\/wp-json\/wp\/v2\/types\/page"}],"author":[{"embeddable":true,"href":"https:\/\/www.versicherungs-service.net\/es\/wp-json\/wp\/v2\/users\/1"}],"replies":[{"embeddable":true,"href":"https:\/\/www.versicherungs-service.net\/es\/wp-json\/wp\/v2\/comments?post=293"}],"version-history":[{"count":2,"href":"https:\/\/www.versicherungs-service.net\/es\/wp-json\/wp\/v2\/pages\/293\/revisions"}],"predecessor-version":[{"id":483,"href":"https:\/\/www.versicherungs-service.net\/es\/wp-json\/wp\/v2\/pages\/293\/revisions\/483"}],"up":[{"embeddable":true,"href":"https:\/\/www.versicherungs-service.net\/es\/wp-json\/wp\/v2\/pages\/288"}],"wp:attachment":[{"href":"https:\/\/www.versicherungs-service.net\/es\/wp-json\/wp\/v2\/media?parent=293"}],"curies":[{"name":"wp","href":"https:\/\/api.w.org\/{rel}","templated":true}]}}