{"id":291,"date":"2015-03-24T12:17:28","date_gmt":"2015-03-24T12:17:28","guid":{"rendered":"http:\/\/www.versicherungs-service.net\/?page_id=291"},"modified":"2015-03-24T12:17:28","modified_gmt":"2015-03-24T12:17:28","slug":"eleccion","status":"publish","type":"page","link":"https:\/\/www.versicherungs-service.net\/es\/allianz-auto\/eleccion","title":{"rendered":"Elecci\u00f3n"},"content":{"rendered":"<p><strong>Servicios de seguros a terceros:<\/strong><br \/>\n\u2022 Seguro de responsabilidad civil y seguro de responsabilidad civil adicional.<br \/>\n\u2022 La compensaci\u00f3n y la reclamaci\u00f3n por da\u00f1os.<br \/>\n\u2022 Lesiones f\u00edsicas para el conductor como consecuencia del accidente.<br \/>\n\u2022 Asistencia durante el viaje.<br \/>\n\u2022 Limpie el interior del veh\u00edculo para el transporte de heridos.<\/p>\n<p><strong>B\u00e1sicos de seguros:<\/strong><br \/>\n\u2022 Seguro de responsabilidad civil y adicionales<br \/>\n\u2022 La compensaci\u00f3n y la reclamaci\u00f3n por da\u00f1os.<br \/>\n\u2022 Asesoramiento en materia de multas de tr\u00e1fico.<br \/>\n\u2022 Lesiones f\u00edsicas para el conductor como consecuencia del accidente.<br \/>\n\u2022 Asistencia durante el viaje. Remolque el kilometraje.<br \/>\n\u2022 p\u00e9rdida de la licencia.<br \/>\n\u2022 Permiso de conducir debido a la retirada de los puntos de p\u00e9rdida.<br \/>\n\u2022 hernia.<br \/>\n\u2022 Limpie el interior del veh\u00edculo para el transporte de heridos.<br \/>\n\u2022 Transferencia de titular de la pol\u00edtica exterior de su pa\u00eds de origen en caso de muerte.<\/p>\n<p><strong>Las prestaciones b\u00e1sicas de seguro + da\u00f1o de fuego + robo de los fen\u00f3menos naturales:<\/strong><br \/>\n\u2022 Reparaci\u00f3n de da\u00f1os causados \u200b\u200bpor incendio, robo y fen\u00f3menos naturales\u00a0 (granizo, nieve, lluvia, etc)<br \/>\n\u2022 da\u00f1os causados \u200b\u200bpor la colisi\u00f3n con la caza de animales o mascotas.<br \/>\n\u2022 veh\u00edculo de sustituci\u00f3n.<br \/>\n\u2022 El equipaje y objetos personales.<br \/>\n\u2022 El costo de las operaciones de extinci\u00f3n de incendios y los costos de rescate.<br \/>\n\u2022 Limpie el interior del veh\u00edculo para el transporte de heridos.<\/p>\n<p><strong>Las prestaciones b\u00e1sicas de seguro + da\u00f1os robo + fuego + da\u00f1o si un<\/strong><br \/>\n<strong> Colisi\u00f3n y el vandalismo:<\/strong><br \/>\n\u2022 Proporciona una cobertura de seguro de da\u00f1os debidos a colisi\u00f3n o Vandalismo el equipaje de mano, art\u00edculos personales y dispositivos de retenci\u00f3n de ni\u00f1os.<br \/>\n\u2022 El coste de la inspecci\u00f3n del veh\u00edculo se estrell\u00f3 por el T\u00dcV.<br \/>\n\u2022 veh\u00edculo de sustituci\u00f3n.<\/p>\n","protected":false},"excerpt":{"rendered":"<p>Servicios de seguros a terceros: \u2022 Seguro de responsabilidad civil [&hellip;]<\/p>\n","protected":false},"author":1,"featured_media":0,"parent":288,"menu_order":0,"comment_status":"open","ping_status":"closed","template":"","meta":{"footnotes":""},"class_list":["post-291","page","type-page","status-publish","hentry"],"yoast_head":"<!-- This site is optimized with the Yoast SEO plugin v23.5 - https:\/\/yoast.com\/wordpress\/plugins\/seo\/ -->\n<title>Elecci\u00f3n - versicherungs-service.net<\/title>\n<meta name=\"robots\" content=\"index, follow, max-snippet:-1, max-image-preview:large, max-video-preview:-1\" \/>\n<link rel=\"canonical\" href=\"https:\/\/www.versicherungs-service.net\/allianz-auto\/wahlmoeglichkeiten\" \/>\n<meta property=\"og:locale\" content=\"es_ES\" \/>\n<meta property=\"og:type\" content=\"article\" \/>\n<meta property=\"og:title\" content=\"Elecci\u00f3n - versicherungs-service.net\" \/>\n<meta property=\"og:description\" content=\"Servicios de seguros a terceros: \u2022 Seguro de responsabilidad civil [&hellip;]\" \/>\n<meta property=\"og:url\" content=\"https:\/\/www.versicherungs-service.net\/allianz-auto\/wahlmoeglichkeiten\" \/>\n<meta property=\"og:site_name\" content=\"versicherungs-service.net\" \/>\n<meta name=\"twitter:label1\" content=\"Tiempo de lectura\" \/>\n\t<meta name=\"twitter:data1\" content=\"1 minuto\" \/>\n<script type=\"application\/ld+json\" class=\"yoast-schema-graph\">{\"@context\":\"https:\/\/schema.org\",\"@graph\":[{\"@type\":\"WebPage\",\"@id\":\"https:\/\/www.versicherungs-service.net\/allianz-auto\/wahlmoeglichkeiten\",\"url\":\"https:\/\/www.versicherungs-service.net\/allianz-auto\/wahlmoeglichkeiten\",\"name\":\"Elecci\u00f3n - versicherungs-service.net\",\"isPartOf\":{\"@id\":\"https:\/\/www.versicherungs-service.net\/#website\"},\"datePublished\":\"2015-03-24T12:17:28+00:00\",\"dateModified\":\"2015-03-24T12:17:28+00:00\",\"breadcrumb\":{\"@id\":\"https:\/\/www.versicherungs-service.net\/allianz-auto\/wahlmoeglichkeiten#breadcrumb\"},\"inLanguage\":\"es\",\"potentialAction\":[{\"@type\":\"ReadAction\",\"target\":[\"https:\/\/www.versicherungs-service.net\/allianz-auto\/wahlmoeglichkeiten\"]}]},{\"@type\":\"BreadcrumbList\",\"@id\":\"https:\/\/www.versicherungs-service.net\/allianz-auto\/wahlmoeglichkeiten#breadcrumb\",\"itemListElement\":[{\"@type\":\"ListItem\",\"position\":1,\"name\":\"Home\",\"item\":\"https:\/\/www.versicherungs-service.net\/\"},{\"@type\":\"ListItem\",\"position\":2,\"name\":\"Allianz Auto\",\"item\":\"https:\/\/www.versicherungs-service.net\/allianz-auto\"},{\"@type\":\"ListItem\",\"position\":3,\"name\":\"Elecci\u00f3n\"}]},{\"@type\":\"WebSite\",\"@id\":\"https:\/\/www.versicherungs-service.net\/#website\",\"url\":\"https:\/\/www.versicherungs-service.net\/\",\"name\":\"versicherungs-service.net\",\"description\":\"Eine weitere WordPress-Seite\",\"potentialAction\":[{\"@type\":\"SearchAction\",\"target\":{\"@type\":\"EntryPoint\",\"urlTemplate\":\"https:\/\/www.versicherungs-service.net\/?s={search_term_string}\"},\"query-input\":{\"@type\":\"PropertyValueSpecification\",\"valueRequired\":true,\"valueName\":\"search_term_string\"}}],\"inLanguage\":\"es\"}]}<\/script>\n<!-- \/ Yoast SEO plugin. -->","yoast_head_json":{"title":"Elecci\u00f3n - versicherungs-service.net","robots":{"index":"index","follow":"follow","max-snippet":"max-snippet:-1","max-image-preview":"max-image-preview:large","max-video-preview":"max-video-preview:-1"},"canonical":"https:\/\/www.versicherungs-service.net\/allianz-auto\/wahlmoeglichkeiten","og_locale":"es_ES","og_type":"article","og_title":"Elecci\u00f3n - versicherungs-service.net","og_description":"Servicios de seguros a terceros: \u2022 Seguro de responsabilidad civil [&hellip;]","og_url":"https:\/\/www.versicherungs-service.net\/allianz-auto\/wahlmoeglichkeiten","og_site_name":"versicherungs-service.net","twitter_misc":{"Tiempo de lectura":"1 minuto"},"schema":{"@context":"https:\/\/schema.org","@graph":[{"@type":"WebPage","@id":"https:\/\/www.versicherungs-service.net\/allianz-auto\/wahlmoeglichkeiten","url":"https:\/\/www.versicherungs-service.net\/allianz-auto\/wahlmoeglichkeiten","name":"Elecci\u00f3n - versicherungs-service.net","isPartOf":{"@id":"https:\/\/www.versicherungs-service.net\/#website"},"datePublished":"2015-03-24T12:17:28+00:00","dateModified":"2015-03-24T12:17:28+00:00","breadcrumb":{"@id":"https:\/\/www.versicherungs-service.net\/allianz-auto\/wahlmoeglichkeiten#breadcrumb"},"inLanguage":"es","potentialAction":[{"@type":"ReadAction","target":["https:\/\/www.versicherungs-service.net\/allianz-auto\/wahlmoeglichkeiten"]}]},{"@type":"BreadcrumbList","@id":"https:\/\/www.versicherungs-service.net\/allianz-auto\/wahlmoeglichkeiten#breadcrumb","itemListElement":[{"@type":"ListItem","position":1,"name":"Home","item":"https:\/\/www.versicherungs-service.net\/"},{"@type":"ListItem","position":2,"name":"Allianz Auto","item":"https:\/\/www.versicherungs-service.net\/allianz-auto"},{"@type":"ListItem","position":3,"name":"Elecci\u00f3n"}]},{"@type":"WebSite","@id":"https:\/\/www.versicherungs-service.net\/#website","url":"https:\/\/www.versicherungs-service.net\/","name":"versicherungs-service.net","description":"Eine weitere WordPress-Seite","potentialAction":[{"@type":"SearchAction","target":{"@type":"EntryPoint","urlTemplate":"https:\/\/www.versicherungs-service.net\/?s={search_term_string}"},"query-input":{"@type":"PropertyValueSpecification","valueRequired":true,"valueName":"search_term_string"}}],"inLanguage":"es"}]}},"_links":{"self":[{"href":"https:\/\/www.versicherungs-service.net\/es\/wp-json\/wp\/v2\/pages\/291"}],"collection":[{"href":"https:\/\/www.versicherungs-service.net\/es\/wp-json\/wp\/v2\/pages"}],"about":[{"href":"https:\/\/www.versicherungs-service.net\/es\/wp-json\/wp\/v2\/types\/page"}],"author":[{"embeddable":true,"href":"https:\/\/www.versicherungs-service.net\/es\/wp-json\/wp\/v2\/users\/1"}],"replies":[{"embeddable":true,"href":"https:\/\/www.versicherungs-service.net\/es\/wp-json\/wp\/v2\/comments?post=291"}],"version-history":[{"count":1,"href":"https:\/\/www.versicherungs-service.net\/es\/wp-json\/wp\/v2\/pages\/291\/revisions"}],"predecessor-version":[{"id":292,"href":"https:\/\/www.versicherungs-service.net\/es\/wp-json\/wp\/v2\/pages\/291\/revisions\/292"}],"up":[{"embeddable":true,"href":"https:\/\/www.versicherungs-service.net\/es\/wp-json\/wp\/v2\/pages\/288"}],"wp:attachment":[{"href":"https:\/\/www.versicherungs-service.net\/es\/wp-json\/wp\/v2\/media?parent=291"}],"curies":[{"name":"wp","href":"https:\/\/api.w.org\/{rel}","templated":true}]}}