{"id":242,"date":"2015-03-20T11:49:29","date_gmt":"2015-03-20T11:49:29","guid":{"rendered":"http:\/\/www.versicherungs-service.net\/?page_id=242"},"modified":"2016-08-22T10:23:26","modified_gmt":"2016-08-22T10:23:26","slug":"assistance","status":"publish","type":"page","link":"https:\/\/www.versicherungs-service.net\/es\/assistance","title":{"rendered":"Assistance"},"content":{"rendered":"<div class=\"row\">\n<div class=\"span4\">\n<h4><img loading=\"lazy\" decoding=\"async\" class=\"alignnone size-thumbnail wp-image-487\" src=\"https:\/\/www.versicherungs-service.net\/wp-content\/uploads\/reiseruecktritt-150x150.jpg\" alt=\"reiseruecktritt\" width=\"150\" height=\"150\" \/> Seguro de cancelaci\u00f3n de viaje<\/h4>\n<p>En el caso de que usted no pueda viajar, si contrata nuestro seguro de cancelaci\u00f3n de viaje se le reembolsar\u00e1 los gastos de la cancelaci\u00f3n del viaje.<\/p>\n<\/div>\n<div class=\"span4\">\n<h4><img loading=\"lazy\" decoding=\"async\" class=\"alignnone size-thumbnail wp-image-490\" src=\"https:\/\/www.versicherungs-service.net\/wp-content\/uploads\/reiserpakete-150x150.jpg\" alt=\"reiserpakete\" width=\"150\" height=\"150\" \/> Paquetes de seguros de viaje<\/h4>\n<p>Para que usted no tenga que preocuparse de nada durante su viaje, hay paquetes de seguros de viaje que incluyen los seguros de viaje m\u00e1s importantes.<\/p>\n<\/div>\n<div class=\"span4\">\n<h4><img loading=\"lazy\" decoding=\"async\" class=\"alignnone size-thumbnail wp-image-493\" src=\"https:\/\/www.versicherungs-service.net\/wp-content\/uploads\/auslands-150x150.jpg\" alt=\"auslands\" width=\"150\" height=\"150\" \/> Seguro m\u00e9dico para viajar al extranjero<\/h4>\n<p>Usted estar\u00e1 protegido de los altos costos que suponen los m\u00e9dicos y hospitales, en todo el mundo. Con un seguro m\u00e9dico para viajar al extranjero no hay gastos inesperados en caso de emergencia.<\/p>\n<\/div>\n<\/div>\n<div class=\"row\">\n<div class=\"span4\">\n<h4><img loading=\"lazy\" decoding=\"async\" class=\"alignnone size-thumbnail wp-image-496\" src=\"https:\/\/www.versicherungs-service.net\/wp-content\/uploads\/business-150x150.jpg\" alt=\"business\" width=\"150\" height=\"150\" \/> Seguro de viaje de negocios<\/h4>\n<p>Los productos m\u00e1s completos de protecci\u00f3n de viaje, incluido el seguro de equipaje especialmente adecuado para su negocio.<\/p>\n<\/div>\n<div class=\"span4\">\n<h4><img loading=\"lazy\" decoding=\"async\" class=\"alignnone size-thumbnail wp-image-499\" src=\"https:\/\/www.versicherungs-service.net\/wp-content\/uploads\/langzeitausland-150x150.jpg\" alt=\"langzeitausland\" width=\"150\" height=\"150\" \/> Seguro m\u00e9dico para viajar al extranjero de larga estancia<\/h4>\n<p>\u00bfLe gustar\u00eda viajar m\u00e1s de tres meses? El seguro m\u00e9dico para viajar al extranjero de larga estancia es el seguro de viaje m\u00e1s adecuado para usted.<\/p>\n<\/div>\n<div class=\"span4\">\n<h4><img loading=\"lazy\" decoding=\"async\" class=\"alignnone size-thumbnail wp-image-502\" src=\"https:\/\/www.versicherungs-service.net\/wp-content\/uploads\/incoming-150x150.jpg\" alt=\"incoming\" width=\"150\" height=\"150\" \/> Protecci\u00f3n de salud &#8211; Incoming<\/h4>\n<p>Para todos los visitantes extranjeros la protecci\u00f3n de la salud \u2013 Incoming es el seguro de salud adecuado.<\/p>\n<\/div>\n<\/div>\n<p>&nbsp;<\/p>\n<p>&nbsp;<\/p>\n<p><span id=\"result_box\" class=\"\" lang=\"es\"><span class=\"hps\">Para obtener m\u00e1s informaci\u00f3n<\/span>, p\u00f3ngase en contacto <span class=\"hps\">con nosotros por tel\u00e9fono<\/span>. <span class=\"hps\">O escriba a<\/span> <span class=\"hps\">nosotros mediante el <a title=\"Contacto\" href=\"https:\/\/www.versicherungs-service.net\/es\/contacto-assistance\">formulario<\/a><\/span><a title=\"Contacto\" href=\"https:\/\/www.versicherungs-service.net\/es\/contacto-assistance\"> <span class=\"hps\">de contacto<\/span><\/a><\/span><\/p>\n<p>Sitio Web: <a href=\"http:\/\/www.allianz-assistance.es\">www.allianz-assistance.es<\/a><\/p>\n<p>&nbsp;<\/p>\n","protected":false},"excerpt":{"rendered":"<p>Seguro de cancelaci\u00f3n de viaje En el caso de que [&hellip;]<\/p>\n","protected":false},"author":1,"featured_media":0,"parent":0,"menu_order":0,"comment_status":"open","ping_status":"closed","template":"assistanz.php","meta":{"footnotes":""},"class_list":["post-242","page","type-page","status-publish","hentry"],"yoast_head":"<!-- This site is optimized with the Yoast SEO plugin v23.5 - https:\/\/yoast.com\/wordpress\/plugins\/seo\/ -->\n<title>Assistance - versicherungs-service.net<\/title>\n<meta name=\"robots\" content=\"index, follow, max-snippet:-1, max-image-preview:large, max-video-preview:-1\" \/>\n<link rel=\"canonical\" href=\"https:\/\/www.versicherungs-service.net\/assistanz\" \/>\n<meta property=\"og:locale\" content=\"es_ES\" \/>\n<meta property=\"og:type\" content=\"article\" \/>\n<meta property=\"og:title\" content=\"Assistance - versicherungs-service.net\" \/>\n<meta property=\"og:description\" content=\"Seguro de cancelaci\u00f3n de viaje En el caso de que [&hellip;]\" \/>\n<meta property=\"og:url\" content=\"https:\/\/www.versicherungs-service.net\/assistanz\" \/>\n<meta property=\"og:site_name\" content=\"versicherungs-service.net\" \/>\n<meta property=\"article:modified_time\" content=\"2016-08-22T10:23:26+00:00\" \/>\n<meta property=\"og:image\" content=\"https:\/\/www.versicherungs-service.net\/wp-content\/uploads\/reiseruecktritt-150x150.jpg\" \/>\n<meta name=\"twitter:label1\" content=\"Tiempo de lectura\" \/>\n\t<meta name=\"twitter:data1\" content=\"1 minuto\" \/>\n<script type=\"application\/ld+json\" class=\"yoast-schema-graph\">{\"@context\":\"https:\/\/schema.org\",\"@graph\":[{\"@type\":\"WebPage\",\"@id\":\"https:\/\/www.versicherungs-service.net\/assistanz\",\"url\":\"https:\/\/www.versicherungs-service.net\/assistanz\",\"name\":\"Assistance - versicherungs-service.net\",\"isPartOf\":{\"@id\":\"https:\/\/www.versicherungs-service.net\/#website\"},\"primaryImageOfPage\":{\"@id\":\"https:\/\/www.versicherungs-service.net\/assistanz#primaryimage\"},\"image\":{\"@id\":\"https:\/\/www.versicherungs-service.net\/assistanz#primaryimage\"},\"thumbnailUrl\":\"https:\/\/www.versicherungs-service.net\/wp-content\/uploads\/reiseruecktritt-150x150.jpg\",\"datePublished\":\"2015-03-20T11:49:29+00:00\",\"dateModified\":\"2016-08-22T10:23:26+00:00\",\"breadcrumb\":{\"@id\":\"https:\/\/www.versicherungs-service.net\/assistanz#breadcrumb\"},\"inLanguage\":\"es\",\"potentialAction\":[{\"@type\":\"ReadAction\",\"target\":[\"https:\/\/www.versicherungs-service.net\/assistanz\"]}]},{\"@type\":\"ImageObject\",\"inLanguage\":\"es\",\"@id\":\"https:\/\/www.versicherungs-service.net\/assistanz#primaryimage\",\"url\":\"https:\/\/www.versicherungs-service.net\/wp-content\/uploads\/reiseruecktritt-150x150.jpg\",\"contentUrl\":\"https:\/\/www.versicherungs-service.net\/wp-content\/uploads\/reiseruecktritt-150x150.jpg\"},{\"@type\":\"BreadcrumbList\",\"@id\":\"https:\/\/www.versicherungs-service.net\/assistanz#breadcrumb\",\"itemListElement\":[{\"@type\":\"ListItem\",\"position\":1,\"name\":\"Home\",\"item\":\"https:\/\/www.versicherungs-service.net\/\"},{\"@type\":\"ListItem\",\"position\":2,\"name\":\"Assistance\"}]},{\"@type\":\"WebSite\",\"@id\":\"https:\/\/www.versicherungs-service.net\/#website\",\"url\":\"https:\/\/www.versicherungs-service.net\/\",\"name\":\"versicherungs-service.net\",\"description\":\"Eine weitere WordPress-Seite\",\"potentialAction\":[{\"@type\":\"SearchAction\",\"target\":{\"@type\":\"EntryPoint\",\"urlTemplate\":\"https:\/\/www.versicherungs-service.net\/?s={search_term_string}\"},\"query-input\":{\"@type\":\"PropertyValueSpecification\",\"valueRequired\":true,\"valueName\":\"search_term_string\"}}],\"inLanguage\":\"es\"}]}<\/script>\n<!-- \/ Yoast SEO plugin. -->","yoast_head_json":{"title":"Assistance - versicherungs-service.net","robots":{"index":"index","follow":"follow","max-snippet":"max-snippet:-1","max-image-preview":"max-image-preview:large","max-video-preview":"max-video-preview:-1"},"canonical":"https:\/\/www.versicherungs-service.net\/assistanz","og_locale":"es_ES","og_type":"article","og_title":"Assistance - versicherungs-service.net","og_description":"Seguro de cancelaci\u00f3n de viaje En el caso de que [&hellip;]","og_url":"https:\/\/www.versicherungs-service.net\/assistanz","og_site_name":"versicherungs-service.net","article_modified_time":"2016-08-22T10:23:26+00:00","og_image":[{"url":"https:\/\/www.versicherungs-service.net\/wp-content\/uploads\/reiseruecktritt-150x150.jpg"}],"twitter_misc":{"Tiempo de lectura":"1 minuto"},"schema":{"@context":"https:\/\/schema.org","@graph":[{"@type":"WebPage","@id":"https:\/\/www.versicherungs-service.net\/assistanz","url":"https:\/\/www.versicherungs-service.net\/assistanz","name":"Assistance - versicherungs-service.net","isPartOf":{"@id":"https:\/\/www.versicherungs-service.net\/#website"},"primaryImageOfPage":{"@id":"https:\/\/www.versicherungs-service.net\/assistanz#primaryimage"},"image":{"@id":"https:\/\/www.versicherungs-service.net\/assistanz#primaryimage"},"thumbnailUrl":"https:\/\/www.versicherungs-service.net\/wp-content\/uploads\/reiseruecktritt-150x150.jpg","datePublished":"2015-03-20T11:49:29+00:00","dateModified":"2016-08-22T10:23:26+00:00","breadcrumb":{"@id":"https:\/\/www.versicherungs-service.net\/assistanz#breadcrumb"},"inLanguage":"es","potentialAction":[{"@type":"ReadAction","target":["https:\/\/www.versicherungs-service.net\/assistanz"]}]},{"@type":"ImageObject","inLanguage":"es","@id":"https:\/\/www.versicherungs-service.net\/assistanz#primaryimage","url":"https:\/\/www.versicherungs-service.net\/wp-content\/uploads\/reiseruecktritt-150x150.jpg","contentUrl":"https:\/\/www.versicherungs-service.net\/wp-content\/uploads\/reiseruecktritt-150x150.jpg"},{"@type":"BreadcrumbList","@id":"https:\/\/www.versicherungs-service.net\/assistanz#breadcrumb","itemListElement":[{"@type":"ListItem","position":1,"name":"Home","item":"https:\/\/www.versicherungs-service.net\/"},{"@type":"ListItem","position":2,"name":"Assistance"}]},{"@type":"WebSite","@id":"https:\/\/www.versicherungs-service.net\/#website","url":"https:\/\/www.versicherungs-service.net\/","name":"versicherungs-service.net","description":"Eine weitere WordPress-Seite","potentialAction":[{"@type":"SearchAction","target":{"@type":"EntryPoint","urlTemplate":"https:\/\/www.versicherungs-service.net\/?s={search_term_string}"},"query-input":{"@type":"PropertyValueSpecification","valueRequired":true,"valueName":"search_term_string"}}],"inLanguage":"es"}]}},"_links":{"self":[{"href":"https:\/\/www.versicherungs-service.net\/es\/wp-json\/wp\/v2\/pages\/242"}],"collection":[{"href":"https:\/\/www.versicherungs-service.net\/es\/wp-json\/wp\/v2\/pages"}],"about":[{"href":"https:\/\/www.versicherungs-service.net\/es\/wp-json\/wp\/v2\/types\/page"}],"author":[{"embeddable":true,"href":"https:\/\/www.versicherungs-service.net\/es\/wp-json\/wp\/v2\/users\/1"}],"replies":[{"embeddable":true,"href":"https:\/\/www.versicherungs-service.net\/es\/wp-json\/wp\/v2\/comments?post=242"}],"version-history":[{"count":3,"href":"https:\/\/www.versicherungs-service.net\/es\/wp-json\/wp\/v2\/pages\/242\/revisions"}],"predecessor-version":[{"id":510,"href":"https:\/\/www.versicherungs-service.net\/es\/wp-json\/wp\/v2\/pages\/242\/revisions\/510"}],"wp:attachment":[{"href":"https:\/\/www.versicherungs-service.net\/es\/wp-json\/wp\/v2\/media?parent=242"}],"curies":[{"name":"wp","href":"https:\/\/api.w.org\/{rel}","templated":true}]}}