{"id":229,"date":"2015-03-20T10:43:02","date_gmt":"2015-03-20T10:43:02","guid":{"rendered":"http:\/\/www.versicherungs-service.net\/?page_id=229"},"modified":"2015-04-06T16:52:16","modified_gmt":"2015-04-06T16:52:16","slug":"aviso-legal","status":"publish","type":"page","link":"https:\/\/www.versicherungs-service.net\/es\/aviso-legal","title":{"rendered":"Aviso legal"},"content":{"rendered":"<p><strong>VersicherungsService S.L.\u00a0<\/strong><\/p>\n<p>t\u00e9lefono: +34 928 73 01 33<br \/>\nFax:\u00a0+34 928 76 24 54<br \/>\nMovil:\u00a0+34 619 60 13 04<\/p>\n<p>correo electronico: <a href=\"javascript:DeCryptX('3y2g0r0s1j1d2j0e2t1v1o2i1t0.3v3h1s1w1j0c3h1t2B0a1m1m3l0a1o1{1n2g1e310e1t')\">versicherungs [dot] services [at] allianzmed [dot] es<\/a><\/p>\n<p>Av. de Galdar 70,oficina 2<br \/>\n35100 San Fernando Gran Canaria<\/p>\n<p>CIF: \u00a0B76081124<\/p>\n<p>Agente de seguros exclusivo DGS C0109B76081124<\/p>\n<p>&nbsp;<\/p>\n<p><strong><span id=\"result_box\" class=\"\" lang=\"es\"><span class=\"hps\">Si no<\/span> <span class=\"hps\">se puede llegar<\/span>, puede utilizar <span class=\"hps\">este<\/span> <span class=\"hps\">n\u00famero de contacto<\/span>:<\/span><br \/>\n<\/strong><\/p>\n<p><a href=\"http:\/\/www.allianz.es\">www.allianz.es<\/a><\/p>\n<p>t\u00e9lefono de cliente 901 300 186\u00a0\u00a0\u00a0 atencion cliente<\/p>\n<p>cliente telf. german +34 93 2277585<br \/>\ncliente Telf. englisch\u00a0 +34 93 2277599<\/p>\n<p><span id=\"result_box\" class=\"short_text\" lang=\"es\"><span class=\"hps\">Asistencia en carretera<\/span><\/span> 901 100 128<br \/>\n<span id=\"result_box\" class=\"short_text\" lang=\"es\"><span class=\"hps\">servicio de emergencia<\/span><\/span>: Hogar + Comerz\u00a0 901 272 272<br \/>\nSalud 902 302 402<\/p>\n<p>&nbsp;<\/p>\n<p><strong>Responsabilidad por contenidos<\/strong><\/p>\n<p>Conforme al art. 7 apart. 1 de la TMG (Ley alemana de Servicios de Telecomunicaci\u00f3n), como proveedores de servicios somos responsables de nuestros propios contenidos seg\u00fan las leyes generales. De acuerdo con los art\u00edculos 8 a 10 de la TMG, como proveedores de servicios no estamos obligados a controlar la informaci\u00f3n ajena transmitida o almacenada, ni a investigar las circunstancias que indiquen una actividad ilegal. La obligaci\u00f3n de eliminar o bloquear el uso de la informaci\u00f3n en virtud de las leyes generales no se ver\u00e1 afectada. No obstante, la asunci\u00f3n de responsabilidad comenzar\u00e1 en el momento de tener conocimiento de una infracci\u00f3n espec\u00edfica. En cuanto tengamos conocimiento de alguna infracci\u00f3n, eliminaremos de inmediato los contenidos correspondientes.<\/p>\n<p><strong>Responsabilidad por enlaces<\/strong><\/p>\n<p>Nuestra oferta contiene enlaces a p\u00e1ginas web externas sobre las cuales no tenemos influencia alguna. Por tanto, no podemos garantizar los contenidos que \u00e9stas proporcionen. El proveedor o gestor de las p\u00e1ginas enlazadas ser\u00e1 responsable de los contenidos de las respectivas p\u00e1ginas. Las p\u00e1ginas enlazadas fueron examinadas en el momento de realizar el enlace respecto a posibles violaciones de la legislaci\u00f3n. En dicho momento no se identificaron contenidos ilegales. Sin indicios concretos de una violaci\u00f3n del derecho, es imposible efectuar un control permanente de las p\u00e1ginas enlazadas. Tras la notificaci\u00f3n de cualquier irregularidad eliminaremos de inmediato esos enlaces.<\/p>\n<p><strong>Derechos de autor<\/strong><\/p>\n<p>Los contenidos y obras creados por los gestores del sitio web y que figuran en estas p\u00e1ginas est\u00e1n sujetos a los derechos alemanes de autor. La reproducci\u00f3n, edici\u00f3n, difusi\u00f3n y cualquier tipo de utilizaci\u00f3n fuera de los l\u00edmites del derecho de autor requiere la autorizaci\u00f3n por escrito del autor o creador correspondiente. Las descargas y copias de esta p\u00e1gina \u00fanicamente est\u00e1n permitidas con fines privados y no con objetivos comerciales. Para los contenidos de esta p\u00e1gina que no hayan sido creados por el gestor de la misma, se respetar\u00e1n los derechos de autor de terceros. Los contenidos de terceros aparecen se\u00f1alados como tales. No obstante, si tiene constancia de que se est\u00e1n infringiendo derechos de autor, le rogamos nos lo comunique lo antes posible. En caso de tener conocimiento de alguna infracci\u00f3n del derecho, procederemos inmediatamente a eliminar dichos contenidos.<\/p>\n","protected":false},"excerpt":{"rendered":"<p>VersicherungsService S.L.\u00a0 t\u00e9lefono: +34 928 73 01 33 Fax:\u00a0+34 928 [&hellip;]<\/p>\n","protected":false},"author":1,"featured_media":0,"parent":0,"menu_order":0,"comment_status":"open","ping_status":"open","template":"","meta":{"footnotes":""},"class_list":["post-229","page","type-page","status-publish","hentry"],"yoast_head":"<!-- This site is optimized with the Yoast SEO plugin v23.5 - https:\/\/yoast.com\/wordpress\/plugins\/seo\/ -->\n<title>Aviso legal - versicherungs-service.net<\/title>\n<meta name=\"robots\" content=\"index, follow, max-snippet:-1, max-image-preview:large, max-video-preview:-1\" \/>\n<link rel=\"canonical\" href=\"https:\/\/www.versicherungs-service.net\/impressum\" \/>\n<meta property=\"og:locale\" content=\"es_ES\" \/>\n<meta property=\"og:type\" content=\"article\" \/>\n<meta property=\"og:title\" content=\"Aviso legal - versicherungs-service.net\" \/>\n<meta property=\"og:description\" content=\"VersicherungsService S.L.\u00a0 t\u00e9lefono: +34 928 73 01 33 Fax:\u00a0+34 928 [&hellip;]\" \/>\n<meta property=\"og:url\" content=\"https:\/\/www.versicherungs-service.net\/impressum\" \/>\n<meta property=\"og:site_name\" content=\"versicherungs-service.net\" \/>\n<meta property=\"article:modified_time\" content=\"2015-04-06T16:52:16+00:00\" \/>\n<meta name=\"twitter:label1\" content=\"Tiempo de lectura\" \/>\n\t<meta name=\"twitter:data1\" content=\"2 minutos\" \/>\n<script type=\"application\/ld+json\" class=\"yoast-schema-graph\">{\"@context\":\"https:\/\/schema.org\",\"@graph\":[{\"@type\":\"WebPage\",\"@id\":\"https:\/\/www.versicherungs-service.net\/impressum\",\"url\":\"https:\/\/www.versicherungs-service.net\/impressum\",\"name\":\"Aviso legal - versicherungs-service.net\",\"isPartOf\":{\"@id\":\"https:\/\/www.versicherungs-service.net\/#website\"},\"datePublished\":\"2015-03-20T10:43:02+00:00\",\"dateModified\":\"2015-04-06T16:52:16+00:00\",\"breadcrumb\":{\"@id\":\"https:\/\/www.versicherungs-service.net\/impressum#breadcrumb\"},\"inLanguage\":\"es\",\"potentialAction\":[{\"@type\":\"ReadAction\",\"target\":[\"https:\/\/www.versicherungs-service.net\/impressum\"]}]},{\"@type\":\"BreadcrumbList\",\"@id\":\"https:\/\/www.versicherungs-service.net\/impressum#breadcrumb\",\"itemListElement\":[{\"@type\":\"ListItem\",\"position\":1,\"name\":\"Home\",\"item\":\"https:\/\/www.versicherungs-service.net\/\"},{\"@type\":\"ListItem\",\"position\":2,\"name\":\"Aviso legal\"}]},{\"@type\":\"WebSite\",\"@id\":\"https:\/\/www.versicherungs-service.net\/#website\",\"url\":\"https:\/\/www.versicherungs-service.net\/\",\"name\":\"versicherungs-service.net\",\"description\":\"Eine weitere WordPress-Seite\",\"potentialAction\":[{\"@type\":\"SearchAction\",\"target\":{\"@type\":\"EntryPoint\",\"urlTemplate\":\"https:\/\/www.versicherungs-service.net\/?s={search_term_string}\"},\"query-input\":{\"@type\":\"PropertyValueSpecification\",\"valueRequired\":true,\"valueName\":\"search_term_string\"}}],\"inLanguage\":\"es\"}]}<\/script>\n<!-- \/ Yoast SEO plugin. -->","yoast_head_json":{"title":"Aviso legal - versicherungs-service.net","robots":{"index":"index","follow":"follow","max-snippet":"max-snippet:-1","max-image-preview":"max-image-preview:large","max-video-preview":"max-video-preview:-1"},"canonical":"https:\/\/www.versicherungs-service.net\/impressum","og_locale":"es_ES","og_type":"article","og_title":"Aviso legal - versicherungs-service.net","og_description":"VersicherungsService S.L.\u00a0 t\u00e9lefono: +34 928 73 01 33 Fax:\u00a0+34 928 [&hellip;]","og_url":"https:\/\/www.versicherungs-service.net\/impressum","og_site_name":"versicherungs-service.net","article_modified_time":"2015-04-06T16:52:16+00:00","twitter_misc":{"Tiempo de lectura":"2 minutos"},"schema":{"@context":"https:\/\/schema.org","@graph":[{"@type":"WebPage","@id":"https:\/\/www.versicherungs-service.net\/impressum","url":"https:\/\/www.versicherungs-service.net\/impressum","name":"Aviso legal - versicherungs-service.net","isPartOf":{"@id":"https:\/\/www.versicherungs-service.net\/#website"},"datePublished":"2015-03-20T10:43:02+00:00","dateModified":"2015-04-06T16:52:16+00:00","breadcrumb":{"@id":"https:\/\/www.versicherungs-service.net\/impressum#breadcrumb"},"inLanguage":"es","potentialAction":[{"@type":"ReadAction","target":["https:\/\/www.versicherungs-service.net\/impressum"]}]},{"@type":"BreadcrumbList","@id":"https:\/\/www.versicherungs-service.net\/impressum#breadcrumb","itemListElement":[{"@type":"ListItem","position":1,"name":"Home","item":"https:\/\/www.versicherungs-service.net\/"},{"@type":"ListItem","position":2,"name":"Aviso legal"}]},{"@type":"WebSite","@id":"https:\/\/www.versicherungs-service.net\/#website","url":"https:\/\/www.versicherungs-service.net\/","name":"versicherungs-service.net","description":"Eine weitere WordPress-Seite","potentialAction":[{"@type":"SearchAction","target":{"@type":"EntryPoint","urlTemplate":"https:\/\/www.versicherungs-service.net\/?s={search_term_string}"},"query-input":{"@type":"PropertyValueSpecification","valueRequired":true,"valueName":"search_term_string"}}],"inLanguage":"es"}]}},"_links":{"self":[{"href":"https:\/\/www.versicherungs-service.net\/es\/wp-json\/wp\/v2\/pages\/229"}],"collection":[{"href":"https:\/\/www.versicherungs-service.net\/es\/wp-json\/wp\/v2\/pages"}],"about":[{"href":"https:\/\/www.versicherungs-service.net\/es\/wp-json\/wp\/v2\/types\/page"}],"author":[{"embeddable":true,"href":"https:\/\/www.versicherungs-service.net\/es\/wp-json\/wp\/v2\/users\/1"}],"replies":[{"embeddable":true,"href":"https:\/\/www.versicherungs-service.net\/es\/wp-json\/wp\/v2\/comments?post=229"}],"version-history":[{"count":3,"href":"https:\/\/www.versicherungs-service.net\/es\/wp-json\/wp\/v2\/pages\/229\/revisions"}],"predecessor-version":[{"id":458,"href":"https:\/\/www.versicherungs-service.net\/es\/wp-json\/wp\/v2\/pages\/229\/revisions\/458"}],"wp:attachment":[{"href":"https:\/\/www.versicherungs-service.net\/es\/wp-json\/wp\/v2\/media?parent=229"}],"curies":[{"name":"wp","href":"https:\/\/api.w.org\/{rel}","templated":true}]}}