{"id":214,"date":"2015-03-20T09:35:09","date_gmt":"2015-03-20T09:35:09","guid":{"rendered":"http:\/\/www.versicherungs-service.net\/?page_id=214"},"modified":"2024-02-20T15:50:13","modified_gmt":"2024-02-20T15:50:13","slug":"nuestra-officina","status":"publish","type":"page","link":"https:\/\/www.versicherungs-service.net\/es\/nuestra-officina","title":{"rendered":"Nuestra officina"},"content":{"rendered":"<p>Nuestra oficina se encuentra en el centro de San Fernando\/Maspalomas en el municipio de San Bartolom\u00e9 de Tirajana, Las Palmas, Gran Canaria. En esta zona se encuentran la mayor\u00eda de concesionarios de autom\u00f3viles y otros proveedores de servicios.<\/p>\n<p><strong>Tel\u00e9fono: +34 928 73 01 33<\/strong><br \/>\nMovil: +34 619 60 13 04<\/p>\n<p class=\"phone hidden-phone\">correo electronico: <a href=\"javascript:DeCryptX('1w2g2t2u1j3f2j3h1s0u2p0g2u200s1f2t0v3l0c3h0s2B2c1m3o1j3d0n0z3p2g1e0.2g3v')\">versicherungs [dot] services [at] allianzmed [dot] es<\/a><\/p>\n<p>Av. de Galdar 70,oficina 2<br \/>\n35100 San Fernando Gran Canaria<\/p>\n<p>Nuestro horario de apertura est\u00e1 especialmente pensado para nuestros clientes profesionales. Abrimos de lunes a viernes de 9 a 15 horas para poder atender a nuestros clientes tambi\u00e9n a la hora de la comida. Con cita previa, tambi\u00e9n podemos atenderle fuera del horario de oficina.<\/p>\n<p>En caso de que no consiguiera contactar con nosotros, tambi\u00e9n puede utilizar este n\u00famero de contacto.<\/p>\n<p><a href=\"http:\/\/www.allianz.es\">www.allianz.es<\/a><\/p>\n<p><strong>Tel\u00e9fono de atenci\u00f3n al cliente<\/strong>\u00a0<strong> 901 300 186<br \/>\nTel\u00e9fono de atenci\u00f3n aleman\u00a0 +34 93 2277585<\/strong><br \/>\n<strong> Tel\u00e9fono de atenci\u00f3n ingl\u00e9s\u00a0 +34 93 2277599<\/strong><\/p>\n<p>Asistencia en carretera \u00a0\u00a0\u00a0 901 100 128<br \/>\nServicio de urgencias: Hogar + Comerz\u00a0 901 272 272<br \/>\nSalud\/medico 902 302 402<\/p>\n<p>&nbsp;<\/p>\n<div class=\"brlbs-cmpnt-container brlbs-cmpnt-content-blocker\" data-borlabs-cookie-content-blocker-id=\"default\" data-borlabs-cookie-content=\"PGlmcmFtZSBzcmM9Imh0dHBzOi8vd3d3Lmdvb2dsZS5jb20vbWFwcy9lbWJlZD9wYj0hMW0wITNtMiExc2RlITJzZGUhNHYxNDI0NzE3NDQ3ODQyITZtOCExbTchMXNEc0E5b3R3NEtTTjBVRWxuWU5YVGFnITJtMiExZDI3Ljc2NzYxOSEyZC0xNS41NzcyNTghM2YxNyE0ZjAhNWYxLjQyMTQ3OTcxODUwMjkxNzMiIHdpZHRoPSI2MDAiIGhlaWdodD0iNDUwIiBmcmFtZWJvcmRlcj0iMCI+PC9pZnJhbWU+\" >\n<div class=\"brlbs-cmpnt-cb-preset-a\">\n<p class=\"brlbs-cmpnt-cb-description\">Est\u00e1s viendo un contenido de marcador de posici\u00f3n de <strong>Predeterminado<\/strong>. Para acceder al contenido real, haz clic en el siguiente bot\u00f3n. Ten en cuenta que al hacerlo compartir\u00e1s datos con terceros proveedores.<\/p>\n<div class=\"brlbs-cmpnt-cb-buttons\"> <a class=\"brlbs-cmpnt-cb-btn\" href=\"#\" data-borlabs-cookie-unblock role=\"button\">Desbloquear contenido<\/a> <a class=\"brlbs-cmpnt-cb-btn\" href=\"#\" data-borlabs-cookie-accept-service role=\"button\" style=\"display: none\">Aceptar el servicio requerido y desbloquear el contenido<\/a> <\/div>\n<p> <a class=\"brlbs-cmpnt-cb-provider-toggle\" href=\"#\" data-borlabs-cookie-show-provider-information role=\"button\">M\u00e1s informaci\u00f3n<\/a> <\/div>\n<\/div>\n","protected":false},"excerpt":{"rendered":"<p>Nuestra oficina se encuentra en el centro de San Fernando\/Maspalomas [&hellip;]<\/p>\n","protected":false},"author":1,"featured_media":0,"parent":0,"menu_order":0,"comment_status":"open","ping_status":"open","template":"","meta":{"footnotes":""},"class_list":["post-214","page","type-page","status-publish","hentry"],"yoast_head":"<!-- This site is optimized with the Yoast SEO plugin v23.5 - https:\/\/yoast.com\/wordpress\/plugins\/seo\/ -->\n<title>Nuestra officina - versicherungs-service.net<\/title>\n<meta name=\"robots\" content=\"index, follow, max-snippet:-1, max-image-preview:large, max-video-preview:-1\" \/>\n<link rel=\"canonical\" href=\"https:\/\/www.versicherungs-service.net\/es\/nuestra-officina\" \/>\n<meta property=\"og:locale\" content=\"es_ES\" \/>\n<meta property=\"og:type\" content=\"article\" \/>\n<meta property=\"og:title\" content=\"Nuestra officina - versicherungs-service.net\" \/>\n<meta property=\"og:description\" content=\"Nuestra oficina se encuentra en el centro de San Fernando\/Maspalomas [&hellip;]\" \/>\n<meta property=\"og:url\" content=\"https:\/\/www.versicherungs-service.net\/es\/nuestra-officina\" \/>\n<meta property=\"og:site_name\" content=\"versicherungs-service.net\" \/>\n<meta property=\"article:modified_time\" content=\"2024-02-20T15:50:13+00:00\" \/>\n<meta name=\"twitter:label1\" content=\"Tiempo de lectura\" \/>\n\t<meta name=\"twitter:data1\" content=\"1 minuto\" \/>\n<script type=\"application\/ld+json\" class=\"yoast-schema-graph\">{\"@context\":\"https:\/\/schema.org\",\"@graph\":[{\"@type\":\"WebPage\",\"@id\":\"https:\/\/www.versicherungs-service.net\/es\/nuestra-officina\",\"url\":\"https:\/\/www.versicherungs-service.net\/es\/nuestra-officina\",\"name\":\"Nuestra officina - versicherungs-service.net\",\"isPartOf\":{\"@id\":\"https:\/\/www.versicherungs-service.net\/#website\"},\"datePublished\":\"2015-03-20T09:35:09+00:00\",\"dateModified\":\"2024-02-20T15:50:13+00:00\",\"breadcrumb\":{\"@id\":\"https:\/\/www.versicherungs-service.net\/es\/nuestra-officina#breadcrumb\"},\"inLanguage\":\"es\",\"potentialAction\":[{\"@type\":\"ReadAction\",\"target\":[\"https:\/\/www.versicherungs-service.net\/es\/nuestra-officina\"]}]},{\"@type\":\"BreadcrumbList\",\"@id\":\"https:\/\/www.versicherungs-service.net\/es\/nuestra-officina#breadcrumb\",\"itemListElement\":[{\"@type\":\"ListItem\",\"position\":1,\"name\":\"Home\",\"item\":\"https:\/\/www.versicherungs-service.net\/\"},{\"@type\":\"ListItem\",\"position\":2,\"name\":\"Nuestra officina\"}]},{\"@type\":\"WebSite\",\"@id\":\"https:\/\/www.versicherungs-service.net\/#website\",\"url\":\"https:\/\/www.versicherungs-service.net\/\",\"name\":\"versicherungs-service.net\",\"description\":\"Eine weitere WordPress-Seite\",\"potentialAction\":[{\"@type\":\"SearchAction\",\"target\":{\"@type\":\"EntryPoint\",\"urlTemplate\":\"https:\/\/www.versicherungs-service.net\/?s={search_term_string}\"},\"query-input\":{\"@type\":\"PropertyValueSpecification\",\"valueRequired\":true,\"valueName\":\"search_term_string\"}}],\"inLanguage\":\"es\"}]}<\/script>\n<!-- \/ Yoast SEO plugin. -->","yoast_head_json":{"title":"Nuestra officina - versicherungs-service.net","robots":{"index":"index","follow":"follow","max-snippet":"max-snippet:-1","max-image-preview":"max-image-preview:large","max-video-preview":"max-video-preview:-1"},"canonical":"https:\/\/www.versicherungs-service.net\/es\/nuestra-officina","og_locale":"es_ES","og_type":"article","og_title":"Nuestra officina - versicherungs-service.net","og_description":"Nuestra oficina se encuentra en el centro de San Fernando\/Maspalomas [&hellip;]","og_url":"https:\/\/www.versicherungs-service.net\/es\/nuestra-officina","og_site_name":"versicherungs-service.net","article_modified_time":"2024-02-20T15:50:13+00:00","twitter_misc":{"Tiempo de lectura":"1 minuto"},"schema":{"@context":"https:\/\/schema.org","@graph":[{"@type":"WebPage","@id":"https:\/\/www.versicherungs-service.net\/es\/nuestra-officina","url":"https:\/\/www.versicherungs-service.net\/es\/nuestra-officina","name":"Nuestra officina - versicherungs-service.net","isPartOf":{"@id":"https:\/\/www.versicherungs-service.net\/#website"},"datePublished":"2015-03-20T09:35:09+00:00","dateModified":"2024-02-20T15:50:13+00:00","breadcrumb":{"@id":"https:\/\/www.versicherungs-service.net\/es\/nuestra-officina#breadcrumb"},"inLanguage":"es","potentialAction":[{"@type":"ReadAction","target":["https:\/\/www.versicherungs-service.net\/es\/nuestra-officina"]}]},{"@type":"BreadcrumbList","@id":"https:\/\/www.versicherungs-service.net\/es\/nuestra-officina#breadcrumb","itemListElement":[{"@type":"ListItem","position":1,"name":"Home","item":"https:\/\/www.versicherungs-service.net\/"},{"@type":"ListItem","position":2,"name":"Nuestra officina"}]},{"@type":"WebSite","@id":"https:\/\/www.versicherungs-service.net\/#website","url":"https:\/\/www.versicherungs-service.net\/","name":"versicherungs-service.net","description":"Eine weitere WordPress-Seite","potentialAction":[{"@type":"SearchAction","target":{"@type":"EntryPoint","urlTemplate":"https:\/\/www.versicherungs-service.net\/?s={search_term_string}"},"query-input":{"@type":"PropertyValueSpecification","valueRequired":true,"valueName":"search_term_string"}}],"inLanguage":"es"}]}},"_links":{"self":[{"href":"https:\/\/www.versicherungs-service.net\/es\/wp-json\/wp\/v2\/pages\/214"}],"collection":[{"href":"https:\/\/www.versicherungs-service.net\/es\/wp-json\/wp\/v2\/pages"}],"about":[{"href":"https:\/\/www.versicherungs-service.net\/es\/wp-json\/wp\/v2\/types\/page"}],"author":[{"embeddable":true,"href":"https:\/\/www.versicherungs-service.net\/es\/wp-json\/wp\/v2\/users\/1"}],"replies":[{"embeddable":true,"href":"https:\/\/www.versicherungs-service.net\/es\/wp-json\/wp\/v2\/comments?post=214"}],"version-history":[{"count":6,"href":"https:\/\/www.versicherungs-service.net\/es\/wp-json\/wp\/v2\/pages\/214\/revisions"}],"predecessor-version":[{"id":534,"href":"https:\/\/www.versicherungs-service.net\/es\/wp-json\/wp\/v2\/pages\/214\/revisions\/534"}],"wp:attachment":[{"href":"https:\/\/www.versicherungs-service.net\/es\/wp-json\/wp\/v2\/media?parent=214"}],"curies":[{"name":"wp","href":"https:\/\/api.w.org\/{rel}","templated":true}]}}